{"id":1310,"date":"2019-03-30T11:35:41","date_gmt":"2019-03-30T10:35:41","guid":{"rendered":"http:\/\/www.uholavillagefoundation.com\/?page_id=1310"},"modified":"2019-03-31T12:26:57","modified_gmt":"2019-03-31T10:26:57","slug":"ein-marathon-fuer-uhola","status":"publish","type":"page","link":"https:\/\/www.uholavillagefoundation.com\/en\/ein-marathon-fuer-uhola\/","title":{"rendered":"Ein Marathon f\u00fcr Uhola"},"content":{"rendered":"<p>&nbsp;<\/p>\n<p><a href=\"http:\/\/www.uholavillagefoundation.com\/ein-marathon-fuer-uhola\/whatsapp-image-2019-03-29-at-05-08-06\/\" rel=\"attachment wp-att-1311\"><img decoding=\"async\" loading=\"lazy\" class=\"aligncenter wp-image-1311 size-full\" src=\"http:\/\/www.uholavillagefoundation.com\/wp-content\/uploads\/2019\/03\/WhatsApp-Image-2019-03-29-at-05.08.06.jpeg\" alt=\"\" width=\"1600\" height=\"1200\" srcset=\"https:\/\/www.uholavillagefoundation.com\/wp-content\/uploads\/2019\/03\/WhatsApp-Image-2019-03-29-at-05.08.06.jpeg 1600w, https:\/\/www.uholavillagefoundation.com\/wp-content\/uploads\/2019\/03\/WhatsApp-Image-2019-03-29-at-05.08.06-300x225.jpeg 300w, https:\/\/www.uholavillagefoundation.com\/wp-content\/uploads\/2019\/03\/WhatsApp-Image-2019-03-29-at-05.08.06-768x576.jpeg 768w, https:\/\/www.uholavillagefoundation.com\/wp-content\/uploads\/2019\/03\/WhatsApp-Image-2019-03-29-at-05.08.06-1024x768.jpeg 1024w\" sizes=\"(max-width: 706px) 89vw, (max-width: 767px) 82vw, 740px\" \/><\/a><\/p>\n<p>Am 07.04.2019 findet der Hannover Marathon statt und unsere Mitglieder Karo und Theresa laufen nicht nur f\u00fcr sich selbst, sondern gemeinsam f\u00fcr den guten Zweck.<br \/>\nDie angehenden Landschaftsarchitektinnen wollen f\u00fcr den weiteren Ausbau des Schulgartens an der Uhola Primary School sammeln. <a href=\"http:\/\/www.uholavillagefoundation.com\/aktiv-werden\/spende-2\/\">Ihr m\u00f6chtet Karo und Theresa dabei unterst\u00fctzen?<\/a> <a href=\"http:\/\/www.uholavillagefoundation.com\/aktiv-werden\/spende-2\/\">Spendenkonto:<\/a> DE68 2519 3331 1118 3810 00<br \/>\nJeder gespendete Cent z\u00e4hlt und kommt genau so in Uhola, Kenia, an.<br \/>\nIm Detail geht es um die Finanzierung von lokal hergestellten Rankhilfen f\u00fcr die Tomatenpflanzen, um die Umz\u00e4unung des Gartens aus Metall zum Schutz vor Termiten und nat\u00fcrlich um die fair bezahlte Arbeitskraft zur Durchf\u00fchrung all dieser T\u00e4tigkeiten.<\/p>\n","protected":false},"excerpt":{"rendered":"<p>&nbsp; Am 07.04.2019 findet der Hannover Marathon statt und unsere Mitglieder Karo und Theresa laufen nicht nur f\u00fcr sich selbst, sondern gemeinsam f\u00fcr den guten Zweck. Die angehenden Landschaftsarchitektinnen wollen f\u00fcr den weiteren Ausbau des Schulgartens an der Uhola Primary School sammeln. Ihr m\u00f6chtet Karo und Theresa dabei unterst\u00fctzen? Spendenkonto: DE68 2519 3331 1118 3810 &hellip; <\/p>\n<p class=\"link-more\"><a href=\"https:\/\/www.uholavillagefoundation.com\/en\/ein-marathon-fuer-uhola\/\" class=\"more-link\">Continue reading<span class=\"screen-reader-text\"> &#8220;Ein Marathon f\u00fcr Uhola&#8221;<\/span><\/a><\/p>\n","protected":false},"author":1,"featured_media":0,"parent":0,"menu_order":0,"comment_status":"closed","ping_status":"closed","template":"","meta":[],"translation":{"provider":"WPGlobus","version":"2.10.9","language":"en","enabled_languages":["de","en"],"languages":{"de":{"title":true,"content":true,"excerpt":false},"en":{"title":false,"content":false,"excerpt":false}}},"yoast_head":"<!-- This site is optimized with the Yoast SEO plugin v20.0 - https:\/\/yoast.com\/wordpress\/plugins\/seo\/ -->\n<title>Ein Marathon f\u00fcr Uhola - Uhola Village Foundation<\/title>\n<meta name=\"robots\" content=\"index, follow, max-snippet:-1, max-image-preview:large, max-video-preview:-1\" \/>\n<link rel=\"canonical\" href=\"https:\/\/www.uholavillagefoundation.com\/ein-marathon-fuer-uhola\/\" \/>\n<meta property=\"og:locale\" content=\"en_US\" \/>\n<meta property=\"og:type\" content=\"article\" \/>\n<meta property=\"og:title\" content=\"Ein Marathon f\u00fcr Uhola - Uhola Village Foundation\" \/>\n<meta property=\"og:url\" content=\"https:\/\/www.uholavillagefoundation.com\/ein-marathon-fuer-uhola\/\" \/>\n<meta property=\"og:site_name\" content=\"Uhola Village Foundation\" \/>\n<meta property=\"article:modified_time\" content=\"2019-03-31T10:26:57+00:00\" \/>\n<meta property=\"og:image\" content=\"http:\/\/www.uholavillagefoundation.com\/wp-content\/uploads\/2019\/03\/WhatsApp-Image-2019-03-29-at-05.08.06.jpeg\" \/>\n<meta name=\"twitter:card\" content=\"summary_large_image\" \/>\n<meta name=\"twitter:label1\" content=\"Est. reading time\" \/>\n\t<meta name=\"twitter:data1\" content=\"1 minute\" \/>\n<script type=\"application\/ld+json\" class=\"yoast-schema-graph\">{\"@context\":\"https:\/\/schema.org\",\"@graph\":[{\"@type\":\"WebPage\",\"@id\":\"https:\/\/www.uholavillagefoundation.com\/ein-marathon-fuer-uhola\/\",\"url\":\"https:\/\/www.uholavillagefoundation.com\/ein-marathon-fuer-uhola\/\",\"name\":\"Ein Marathon f\u00fcr Uhola - Uhola Village Foundation\",\"isPartOf\":{\"@id\":\"https:\/\/www.uholavillagefoundation.com\/#website\"},\"datePublished\":\"2019-03-30T10:35:41+00:00\",\"dateModified\":\"2019-03-31T10:26:57+00:00\",\"breadcrumb\":{\"@id\":\"https:\/\/www.uholavillagefoundation.com\/ein-marathon-fuer-uhola\/#breadcrumb\"},\"inLanguage\":\"en-UK\",\"potentialAction\":[{\"@type\":\"ReadAction\",\"target\":[\"https:\/\/www.uholavillagefoundation.com\/ein-marathon-fuer-uhola\/\"]}]},{\"@type\":\"BreadcrumbList\",\"@id\":\"https:\/\/www.uholavillagefoundation.com\/ein-marathon-fuer-uhola\/#breadcrumb\",\"itemListElement\":[{\"@type\":\"ListItem\",\"position\":1,\"name\":\"Home\",\"item\":\"https:\/\/www.uholavillagefoundation.com\/\"},{\"@type\":\"ListItem\",\"position\":2,\"name\":\"Ein Marathon f\u00fcr Uhola\"}]},{\"@type\":\"WebSite\",\"@id\":\"https:\/\/www.uholavillagefoundation.com\/#website\",\"url\":\"https:\/\/www.uholavillagefoundation.com\/\",\"name\":\"Uhola Village Foundation\",\"description\":\"Supporting sustainable development in Uhola, Kenya\",\"publisher\":{\"@id\":\"https:\/\/www.uholavillagefoundation.com\/#organization\"},\"potentialAction\":[{\"@type\":\"SearchAction\",\"target\":{\"@type\":\"EntryPoint\",\"urlTemplate\":\"https:\/\/www.uholavillagefoundation.com\/?s={search_term_string}\"},\"query-input\":\"required name=search_term_string\"}],\"inLanguage\":\"en-UK\"},{\"@type\":\"Organization\",\"@id\":\"https:\/\/www.uholavillagefoundation.com\/#organization\",\"name\":\"Uhola Village Foundation\",\"url\":\"https:\/\/www.uholavillagefoundation.com\/\",\"logo\":{\"@type\":\"ImageObject\",\"inLanguage\":\"en-UK\",\"@id\":\"https:\/\/www.uholavillagefoundation.com\/#\/schema\/logo\/image\/\",\"url\":\"https:\/\/www.uholavillagefoundation.com\/wp-content\/uploads\/2017\/12\/cropped-24826032_1647026988691478_194300397_o.png\",\"contentUrl\":\"https:\/\/www.uholavillagefoundation.com\/wp-content\/uploads\/2017\/12\/cropped-24826032_1647026988691478_194300397_o.png\",\"width\":251,\"height\":250,\"caption\":\"Uhola Village Foundation\"},\"image\":{\"@id\":\"https:\/\/www.uholavillagefoundation.com\/#\/schema\/logo\/image\/\"}}]}<\/script>\n<!-- \/ Yoast SEO plugin. -->","yoast_head_json":{"title":"Ein Marathon f\u00fcr Uhola - Uhola Village Foundation","robots":{"index":"index","follow":"follow","max-snippet":"max-snippet:-1","max-image-preview":"max-image-preview:large","max-video-preview":"max-video-preview:-1"},"canonical":"https:\/\/www.uholavillagefoundation.com\/ein-marathon-fuer-uhola\/","og_locale":"en_US","og_type":"article","og_title":"Ein Marathon f\u00fcr Uhola - Uhola Village Foundation","og_url":"https:\/\/www.uholavillagefoundation.com\/ein-marathon-fuer-uhola\/","og_site_name":"Uhola Village Foundation","article_modified_time":"2019-03-31T10:26:57+00:00","og_image":[{"url":"http:\/\/www.uholavillagefoundation.com\/wp-content\/uploads\/2019\/03\/WhatsApp-Image-2019-03-29-at-05.08.06.jpeg"}],"twitter_card":"summary_large_image","twitter_misc":{"Est. reading time":"1 minute"},"schema":{"@context":"https:\/\/schema.org","@graph":[{"@type":"WebPage","@id":"https:\/\/www.uholavillagefoundation.com\/ein-marathon-fuer-uhola\/","url":"https:\/\/www.uholavillagefoundation.com\/ein-marathon-fuer-uhola\/","name":"Ein Marathon f\u00fcr Uhola - Uhola Village Foundation","isPartOf":{"@id":"https:\/\/www.uholavillagefoundation.com\/#website"},"datePublished":"2019-03-30T10:35:41+00:00","dateModified":"2019-03-31T10:26:57+00:00","breadcrumb":{"@id":"https:\/\/www.uholavillagefoundation.com\/ein-marathon-fuer-uhola\/#breadcrumb"},"inLanguage":"en-UK","potentialAction":[{"@type":"ReadAction","target":["https:\/\/www.uholavillagefoundation.com\/ein-marathon-fuer-uhola\/"]}]},{"@type":"BreadcrumbList","@id":"https:\/\/www.uholavillagefoundation.com\/ein-marathon-fuer-uhola\/#breadcrumb","itemListElement":[{"@type":"ListItem","position":1,"name":"Home","item":"https:\/\/www.uholavillagefoundation.com\/"},{"@type":"ListItem","position":2,"name":"Ein Marathon f\u00fcr Uhola"}]},{"@type":"WebSite","@id":"https:\/\/www.uholavillagefoundation.com\/#website","url":"https:\/\/www.uholavillagefoundation.com\/","name":"Uhola Village Foundation","description":"Supporting sustainable development in Uhola, Kenya","publisher":{"@id":"https:\/\/www.uholavillagefoundation.com\/#organization"},"potentialAction":[{"@type":"SearchAction","target":{"@type":"EntryPoint","urlTemplate":"https:\/\/www.uholavillagefoundation.com\/?s={search_term_string}"},"query-input":"required name=search_term_string"}],"inLanguage":"en-UK"},{"@type":"Organization","@id":"https:\/\/www.uholavillagefoundation.com\/#organization","name":"Uhola Village Foundation","url":"https:\/\/www.uholavillagefoundation.com\/","logo":{"@type":"ImageObject","inLanguage":"en-UK","@id":"https:\/\/www.uholavillagefoundation.com\/#\/schema\/logo\/image\/","url":"https:\/\/www.uholavillagefoundation.com\/wp-content\/uploads\/2017\/12\/cropped-24826032_1647026988691478_194300397_o.png","contentUrl":"https:\/\/www.uholavillagefoundation.com\/wp-content\/uploads\/2017\/12\/cropped-24826032_1647026988691478_194300397_o.png","width":251,"height":250,"caption":"Uhola Village Foundation"},"image":{"@id":"https:\/\/www.uholavillagefoundation.com\/#\/schema\/logo\/image\/"}}]}},"_links":{"self":[{"href":"https:\/\/www.uholavillagefoundation.com\/en\/wp-json\/wp\/v2\/pages\/1310"}],"collection":[{"href":"https:\/\/www.uholavillagefoundation.com\/en\/wp-json\/wp\/v2\/pages"}],"about":[{"href":"https:\/\/www.uholavillagefoundation.com\/en\/wp-json\/wp\/v2\/types\/page"}],"author":[{"embeddable":true,"href":"https:\/\/www.uholavillagefoundation.com\/en\/wp-json\/wp\/v2\/users\/1"}],"replies":[{"embeddable":true,"href":"https:\/\/www.uholavillagefoundation.com\/en\/wp-json\/wp\/v2\/comments?post=1310"}],"version-history":[{"count":4,"href":"https:\/\/www.uholavillagefoundation.com\/en\/wp-json\/wp\/v2\/pages\/1310\/revisions"}],"predecessor-version":[{"id":1317,"href":"https:\/\/www.uholavillagefoundation.com\/en\/wp-json\/wp\/v2\/pages\/1310\/revisions\/1317"}],"wp:attachment":[{"href":"https:\/\/www.uholavillagefoundation.com\/en\/wp-json\/wp\/v2\/media?parent=1310"}],"curies":[{"name":"wp","href":"https:\/\/api.w.org\/{rel}","templated":true}]}}