{"id":1590,"date":"2019-09-23T15:59:11","date_gmt":"2019-09-23T13:59:11","guid":{"rendered":"http:\/\/www.uholavillagefoundation.com\/?page_id=1590"},"modified":"2019-09-29T14:29:53","modified_gmt":"2019-09-29T12:29:53","slug":"die-uhola-primary-schule","status":"publish","type":"page","link":"https:\/\/www.uholavillagefoundation.com\/en\/about\/die-uhola-primary-schule\/","title":{"rendered":"Die Uhola Primary Schule"},"content":{"rendered":"<h1 align=\"left\">Uhola Primary School<\/h1>\n<p align=\"left\"><div class=\"su-youtube su-u-responsive-media-yes\"><iframe width=\"600\" height=\"400\" src=\"https:\/\/www.youtube.com\/embed\/i6rz0cT50Mc?\" frameborder=\"0\" allowfullscreen allow=\"autoplay; encrypted-media; picture-in-picture\" title=\"\"><\/iframe><\/div>\n<p align=\"justify\">Das Anliegen der <a href=\"https:\/\/www.google.de\/maps\/place\/Uhola+Primary+School\/@0.3024447,34.2571312,261m\/data=!3m1!1e3!4m5!3m4!1s0x177f93e58d207beb:0x3e05bc46b5c721cf!8m2!3d0.3023935!4d34.257364\"><b>Schule<\/b><\/a> basiert auf der Vision, das Individuum dabei zu unterst\u00fctzen, sich Lebens- und Zukunftsziele zu setzen und diese mit nach\u00adhaltigem Gewinn zu verfolgen. Aus diesem Anliegen heraus sieht die Schule ihre Aufgabe darin, f\u00fcr die Sch\u00fclerInnen eine Lernumgebung zu schaffen, die es ihnen erm\u00f6glicht, ihre Talente zu ent\u00addecken und intensivst zu nutzen. Von daher lautet das Motto der Schule: \u201cBetter your Best&#8221; (<em>Besser dein Bestes)! <\/em><\/p>\n<p align=\"justify\">Die Schule gliedert sich in zwei Stufen-Bereiche: Vorschule (<i>nursery<\/i>) sowie Grund- und Hauptschule (<i>primary<\/i>). Die <i>nursery<\/i>-Stufe besuchen augenblicklich 40 M\u00e4dchen und 37 Jungen, die <i>primary<\/i>-Stufe 166 M\u00e4dchen und 131 Jungen.\u00a0<em>(Stand: M\u00e4rz 2019)<\/em><\/p>\n<p align=\"justify\">Die Lehrerschaft besteht\u00a0 aus 2 Vorschul-LehrerInnen und 8 Grundschul-LehrerInnen. <a href=\"https:\/\/www.uholavillagefoundation.com\/2019\/05\/22\/u-p-s-unter-neuer-leitung\/\">Schulleiterin\u00a0 ist seit Mai 2019 Frau Jacquilyn Odunga<\/a>. Als stellvertretender Schulleiter und unsere vorrangige Kontaktperson fungiert Herr <i>Charles Opondo<\/i>. Die Verwaltungsangelegenheiten liegen in den H\u00e4nden von Herrn<b> <\/b><i>Benard Oduor<\/i>.<\/p>\n<p align=\"justify\">Das obligatorische schulische Angebot wird erg\u00e4nzt durch ko-curriculare Aktivit\u00e4ten in den Bereichen Musik und Sport (Leichtathletik, Fussball, Netball, Volleyball). Um das Angebot auszubauen, hat UVF die Schule mit<a href=\"https:\/\/www.uholavillagefoundation.com\/2019\/08\/30\/sportgeraete-fuer-die-u-p-s\/\"> Fu\u00dfballtoren und Basketballk\u00f6rben<\/a> ausgestattet.<\/p>\n<p align=\"justify\">Von besonderer Bedeutung f\u00fcr die Schule sind Angebote in den Bereichen: diskussionsf\u00e4higer Austausch in Gruppen, aufmerksamer Umgang mit nat\u00fcrlichen Ressourcen und nachhaltige Beachtung der Prinzipien des Umweltschutzes.<\/p>\n<div class=\"su-box su-box-style-default\" id=\"\" style=\"border-color:#0071be;border-radius:3px\"><div class=\"su-box-title\" style=\"background-color:#29a4f1;color:#FFFFFF;border-top-left-radius:1px;border-top-right-radius:1px\">Die gr\u00f6\u00dften Herausforderungen f\u00fcr die Schule<\/div><div class=\"su-box-content su-u-clearfix su-u-trim\" style=\"border-bottom-left-radius:1px;border-bottom-right-radius:1px\">\n<p><b>1.<\/b> <a href=\"https:\/\/www.uholavillagefoundation.com\/abgeschlossene-projekte\/\"><span style=\"color: #c3c3c3;\">fehlender Klassenraum f\u00fcr die fr\u00fchkindliche Erziehung (Early Childhood Development) und dazugeh\u00f6rigen Sanit\u00e4ranlagen<\/span><\/a><\/p>\n<p><b>2.<\/b> fehlendes einbruchssicheres B\u00fcro auf dem Schulgel\u00e4nde<\/p>\n<p><b>3.<\/b> fehlende Elektrizit\u00e4t in den Klassenr\u00e4umen<\/p>\n<p><b>4.<\/b> Mangel an B\u00fcchern und Unterrichtsmaterialien<\/p>\n<p><b>5.<\/b> fehlendes Mittagstisch-Angebot f\u00fcr die Sch\u00fclerschaft<\/p>\n<p><b>6.<\/b> fehlende innovative Kommunikationstechniken im Bereich Unterricht wie Verwaltung<\/p>\n<p><b>7.<\/b> hoher Grad an Armut im Umfeld der Schule<\/p>\n<p><strong>8.<\/strong> niedriges Bildungsniveau unter den Eltern <\/div><\/div>\n<div class=\"su-divider su-divider-style-default\" style=\"margin:15px 0;border-width:3px;border-color:#29a4f1\"><a href=\"#\" style=\"color:#1b1616\">Zum Anfang<\/a><\/div>\n","protected":false},"excerpt":{"rendered":"<p>Uhola Primary School Das Anliegen der Schule basiert auf der Vision, das Individuum dabei zu unterst\u00fctzen, sich Lebens- und Zukunftsziele zu setzen und diese mit nach\u00adhaltigem Gewinn zu verfolgen. Aus diesem Anliegen heraus sieht die Schule ihre Aufgabe darin, f\u00fcr die Sch\u00fclerInnen eine Lernumgebung zu schaffen, die es ihnen erm\u00f6glicht, ihre Talente zu ent\u00addecken und &hellip; <\/p>\n<p class=\"link-more\"><a href=\"https:\/\/www.uholavillagefoundation.com\/en\/about\/die-uhola-primary-schule\/\" class=\"more-link\">Continue reading<span class=\"screen-reader-text\"> &#8220;Die Uhola Primary Schule&#8221;<\/span><\/a><\/p>\n","protected":false},"author":2,"featured_media":1344,"parent":28,"menu_order":0,"comment_status":"closed","ping_status":"closed","template":"","meta":[],"translation":{"provider":"WPGlobus","version":"2.10.9","language":"en","enabled_languages":["de","en"],"languages":{"de":{"title":true,"content":true,"excerpt":false},"en":{"title":false,"content":false,"excerpt":false}}},"yoast_head":"<!-- This site is optimized with the Yoast SEO plugin v20.0 - https:\/\/yoast.com\/wordpress\/plugins\/seo\/ -->\n<title>Die Uhola Primary Schule - Uhola Village Foundation<\/title>\n<meta name=\"robots\" content=\"index, follow, max-snippet:-1, max-image-preview:large, max-video-preview:-1\" \/>\n<link rel=\"canonical\" href=\"https:\/\/www.uholavillagefoundation.com\/about\/die-uhola-primary-schule\/\" \/>\n<meta property=\"og:locale\" content=\"en_US\" \/>\n<meta property=\"og:type\" content=\"article\" \/>\n<meta property=\"og:title\" content=\"Die Uhola Primary Schule - Uhola Village Foundation\" \/>\n<meta property=\"og:url\" content=\"https:\/\/www.uholavillagefoundation.com\/about\/die-uhola-primary-schule\/\" \/>\n<meta property=\"og:site_name\" content=\"Uhola Village Foundation\" \/>\n<meta property=\"article:modified_time\" content=\"2019-09-29T12:29:53+00:00\" \/>\n<meta property=\"og:image\" content=\"https:\/\/www.uholavillagefoundation.com\/wp-content\/uploads\/2019\/04\/IMG_9759-1024x768.jpg\" \/>\n\t<meta property=\"og:image:width\" content=\"1024\" \/>\n\t<meta property=\"og:image:height\" content=\"768\" \/>\n\t<meta property=\"og:image:type\" content=\"image\/jpeg\" \/>\n<meta name=\"twitter:card\" content=\"summary_large_image\" \/>\n<meta name=\"twitter:label1\" content=\"Est. reading time\" \/>\n\t<meta name=\"twitter:data1\" content=\"2 minutes\" \/>\n<script type=\"application\/ld+json\" class=\"yoast-schema-graph\">{\"@context\":\"https:\/\/schema.org\",\"@graph\":[{\"@type\":\"WebPage\",\"@id\":\"https:\/\/www.uholavillagefoundation.com\/about\/die-uhola-primary-schule\/\",\"url\":\"https:\/\/www.uholavillagefoundation.com\/about\/die-uhola-primary-schule\/\",\"name\":\"Die Uhola Primary Schule - Uhola Village Foundation\",\"isPartOf\":{\"@id\":\"https:\/\/www.uholavillagefoundation.com\/#website\"},\"datePublished\":\"2019-09-23T13:59:11+00:00\",\"dateModified\":\"2019-09-29T12:29:53+00:00\",\"breadcrumb\":{\"@id\":\"https:\/\/www.uholavillagefoundation.com\/about\/die-uhola-primary-schule\/#breadcrumb\"},\"inLanguage\":\"en-UK\",\"potentialAction\":[{\"@type\":\"ReadAction\",\"target\":[\"https:\/\/www.uholavillagefoundation.com\/about\/die-uhola-primary-schule\/\"]}]},{\"@type\":\"BreadcrumbList\",\"@id\":\"https:\/\/www.uholavillagefoundation.com\/about\/die-uhola-primary-schule\/#breadcrumb\",\"itemListElement\":[{\"@type\":\"ListItem\",\"position\":1,\"name\":\"Home\",\"item\":\"https:\/\/www.uholavillagefoundation.com\/\"},{\"@type\":\"ListItem\",\"position\":2,\"name\":\"\u00dcber uns\",\"item\":\"https:\/\/www.uholavillagefoundation.com\/\"},{\"@type\":\"ListItem\",\"position\":3,\"name\":\"Die Uhola Primary Schule\"}]},{\"@type\":\"WebSite\",\"@id\":\"https:\/\/www.uholavillagefoundation.com\/#website\",\"url\":\"https:\/\/www.uholavillagefoundation.com\/\",\"name\":\"Uhola Village Foundation\",\"description\":\"Supporting sustainable development in Uhola, Kenya\",\"publisher\":{\"@id\":\"https:\/\/www.uholavillagefoundation.com\/#organization\"},\"potentialAction\":[{\"@type\":\"SearchAction\",\"target\":{\"@type\":\"EntryPoint\",\"urlTemplate\":\"https:\/\/www.uholavillagefoundation.com\/?s={search_term_string}\"},\"query-input\":\"required name=search_term_string\"}],\"inLanguage\":\"en-UK\"},{\"@type\":\"Organization\",\"@id\":\"https:\/\/www.uholavillagefoundation.com\/#organization\",\"name\":\"Uhola Village Foundation\",\"url\":\"https:\/\/www.uholavillagefoundation.com\/\",\"logo\":{\"@type\":\"ImageObject\",\"inLanguage\":\"en-UK\",\"@id\":\"https:\/\/www.uholavillagefoundation.com\/#\/schema\/logo\/image\/\",\"url\":\"https:\/\/www.uholavillagefoundation.com\/wp-content\/uploads\/2017\/12\/cropped-24826032_1647026988691478_194300397_o.png\",\"contentUrl\":\"https:\/\/www.uholavillagefoundation.com\/wp-content\/uploads\/2017\/12\/cropped-24826032_1647026988691478_194300397_o.png\",\"width\":251,\"height\":250,\"caption\":\"Uhola Village Foundation\"},\"image\":{\"@id\":\"https:\/\/www.uholavillagefoundation.com\/#\/schema\/logo\/image\/\"}}]}<\/script>\n<!-- \/ Yoast SEO plugin. -->","yoast_head_json":{"title":"Die Uhola Primary Schule - Uhola Village Foundation","robots":{"index":"index","follow":"follow","max-snippet":"max-snippet:-1","max-image-preview":"max-image-preview:large","max-video-preview":"max-video-preview:-1"},"canonical":"https:\/\/www.uholavillagefoundation.com\/about\/die-uhola-primary-schule\/","og_locale":"en_US","og_type":"article","og_title":"Die Uhola Primary Schule - Uhola Village Foundation","og_url":"https:\/\/www.uholavillagefoundation.com\/about\/die-uhola-primary-schule\/","og_site_name":"Uhola Village Foundation","article_modified_time":"2019-09-29T12:29:53+00:00","og_image":[{"width":1024,"height":768,"url":"https:\/\/www.uholavillagefoundation.com\/wp-content\/uploads\/2019\/04\/IMG_9759-1024x768.jpg","type":"image\/jpeg"}],"twitter_card":"summary_large_image","twitter_misc":{"Est. reading time":"2 minutes"},"schema":{"@context":"https:\/\/schema.org","@graph":[{"@type":"WebPage","@id":"https:\/\/www.uholavillagefoundation.com\/about\/die-uhola-primary-schule\/","url":"https:\/\/www.uholavillagefoundation.com\/about\/die-uhola-primary-schule\/","name":"Die Uhola Primary Schule - Uhola Village Foundation","isPartOf":{"@id":"https:\/\/www.uholavillagefoundation.com\/#website"},"datePublished":"2019-09-23T13:59:11+00:00","dateModified":"2019-09-29T12:29:53+00:00","breadcrumb":{"@id":"https:\/\/www.uholavillagefoundation.com\/about\/die-uhola-primary-schule\/#breadcrumb"},"inLanguage":"en-UK","potentialAction":[{"@type":"ReadAction","target":["https:\/\/www.uholavillagefoundation.com\/about\/die-uhola-primary-schule\/"]}]},{"@type":"BreadcrumbList","@id":"https:\/\/www.uholavillagefoundation.com\/about\/die-uhola-primary-schule\/#breadcrumb","itemListElement":[{"@type":"ListItem","position":1,"name":"Home","item":"https:\/\/www.uholavillagefoundation.com\/"},{"@type":"ListItem","position":2,"name":"\u00dcber uns","item":"https:\/\/www.uholavillagefoundation.com\/"},{"@type":"ListItem","position":3,"name":"Die Uhola Primary Schule"}]},{"@type":"WebSite","@id":"https:\/\/www.uholavillagefoundation.com\/#website","url":"https:\/\/www.uholavillagefoundation.com\/","name":"Uhola Village Foundation","description":"Supporting sustainable development in Uhola, Kenya","publisher":{"@id":"https:\/\/www.uholavillagefoundation.com\/#organization"},"potentialAction":[{"@type":"SearchAction","target":{"@type":"EntryPoint","urlTemplate":"https:\/\/www.uholavillagefoundation.com\/?s={search_term_string}"},"query-input":"required name=search_term_string"}],"inLanguage":"en-UK"},{"@type":"Organization","@id":"https:\/\/www.uholavillagefoundation.com\/#organization","name":"Uhola Village Foundation","url":"https:\/\/www.uholavillagefoundation.com\/","logo":{"@type":"ImageObject","inLanguage":"en-UK","@id":"https:\/\/www.uholavillagefoundation.com\/#\/schema\/logo\/image\/","url":"https:\/\/www.uholavillagefoundation.com\/wp-content\/uploads\/2017\/12\/cropped-24826032_1647026988691478_194300397_o.png","contentUrl":"https:\/\/www.uholavillagefoundation.com\/wp-content\/uploads\/2017\/12\/cropped-24826032_1647026988691478_194300397_o.png","width":251,"height":250,"caption":"Uhola Village Foundation"},"image":{"@id":"https:\/\/www.uholavillagefoundation.com\/#\/schema\/logo\/image\/"}}]}},"_links":{"self":[{"href":"https:\/\/www.uholavillagefoundation.com\/en\/wp-json\/wp\/v2\/pages\/1590"}],"collection":[{"href":"https:\/\/www.uholavillagefoundation.com\/en\/wp-json\/wp\/v2\/pages"}],"about":[{"href":"https:\/\/www.uholavillagefoundation.com\/en\/wp-json\/wp\/v2\/types\/page"}],"author":[{"embeddable":true,"href":"https:\/\/www.uholavillagefoundation.com\/en\/wp-json\/wp\/v2\/users\/2"}],"replies":[{"embeddable":true,"href":"https:\/\/www.uholavillagefoundation.com\/en\/wp-json\/wp\/v2\/comments?post=1590"}],"version-history":[{"count":10,"href":"https:\/\/www.uholavillagefoundation.com\/en\/wp-json\/wp\/v2\/pages\/1590\/revisions"}],"predecessor-version":[{"id":1621,"href":"https:\/\/www.uholavillagefoundation.com\/en\/wp-json\/wp\/v2\/pages\/1590\/revisions\/1621"}],"up":[{"embeddable":true,"href":"https:\/\/www.uholavillagefoundation.com\/en\/wp-json\/wp\/v2\/pages\/28"}],"wp:featuredmedia":[{"embeddable":true,"href":"https:\/\/www.uholavillagefoundation.com\/en\/wp-json\/wp\/v2\/media\/1344"}],"wp:attachment":[{"href":"https:\/\/www.uholavillagefoundation.com\/en\/wp-json\/wp\/v2\/media?parent=1590"}],"curies":[{"name":"wp","href":"https:\/\/api.w.org\/{rel}","templated":true}]}}