{"id":1603,"date":"2019-09-23T16:49:20","date_gmt":"2019-09-23T14:49:20","guid":{"rendered":"http:\/\/www.uholavillagefoundation.com\/?page_id=1603"},"modified":"2021-02-08T09:09:14","modified_gmt":"2021-02-08T08:09:14","slug":"laufende-projekte","status":"publish","type":"page","link":"https:\/\/www.uholavillagefoundation.com\/en\/laufende-projekte\/","title":{"rendered":"Laufende Projekte"},"content":{"rendered":"<p align=\"justify\"><strong>Gr\u00fcndung einer NGO oder gemeinn\u00fctzigen GmbH in Kenia<\/strong><\/p>\n<p align=\"justify\">Um nachhaltig in Kenia aktiv werden zu k\u00f6nnen (z.B. Anstellung von lokalem Personal, Beantragung von Steuerbefreiung), sind wir gerade dabei eine gemeinn\u00fctzige GmbH in Kenia zu gr\u00fcnden. Dies nimmt allerdings einiges an Zeit und Ressourcen in Anspruch.\u00a0 Nach Gr\u00fcndung der Organisation soll eine <strong>lokale Kleinbauern-Kooperative<\/strong> in Uhola gegr\u00fcndet werden. Au\u00dferdem soll mithilfe der Organisation erm\u00f6glicht werden Land zu erwerben, um eine <strong>landwirtschaftliche Berufsschule<\/strong> zu errichten.<\/p>\n<p align=\"justify\">Ihr wollt dieses wichtige Projekt unterst\u00fctzen? Wir sind dankbar f\u00fcr <strong>jede <\/strong>Spende! Klickt einfach<a href=\"https:\/\/www.uholavillagefoundation.com\/aktiv-werden\/spende-2\/\" target=\"_blank\" rel=\"noopener\"> hier<\/a> f\u00fcr weitere Informationen.<\/p>\n","protected":false},"excerpt":{"rendered":"<p>Gr\u00fcndung einer NGO oder gemeinn\u00fctzigen GmbH in Kenia Um nachhaltig in Kenia aktiv werden zu k\u00f6nnen (z.B. Anstellung von lokalem Personal, Beantragung von Steuerbefreiung), sind wir gerade dabei eine gemeinn\u00fctzige GmbH in Kenia zu gr\u00fcnden. Dies nimmt allerdings einiges an Zeit und Ressourcen in Anspruch.\u00a0 Nach Gr\u00fcndung der Organisation soll eine lokale Kleinbauern-Kooperative in Uhola &hellip; <\/p>\n<p class=\"link-more\"><a href=\"https:\/\/www.uholavillagefoundation.com\/en\/laufende-projekte\/\" class=\"more-link\">Continue reading<span class=\"screen-reader-text\"> &#8220;Laufende Projekte&#8221;<\/span><\/a><\/p>\n","protected":false},"author":2,"featured_media":0,"parent":0,"menu_order":0,"comment_status":"closed","ping_status":"closed","template":"","meta":[],"translation":{"provider":"WPGlobus","version":"2.10.9","language":"en","enabled_languages":["de","en"],"languages":{"de":{"title":true,"content":true,"excerpt":false},"en":{"title":false,"content":false,"excerpt":false}}},"yoast_head":"<!-- This site is optimized with the Yoast SEO plugin v20.0 - https:\/\/yoast.com\/wordpress\/plugins\/seo\/ -->\n<title>Laufende Projekte - Uhola Village Foundation<\/title>\n<meta name=\"robots\" content=\"index, follow, max-snippet:-1, max-image-preview:large, max-video-preview:-1\" \/>\n<link rel=\"canonical\" href=\"https:\/\/www.uholavillagefoundation.com\/en\/laufende-projekte\/\" \/>\n<meta property=\"og:locale\" content=\"en_US\" \/>\n<meta property=\"og:type\" content=\"article\" \/>\n<meta property=\"og:title\" content=\"Laufende Projekte - Uhola Village Foundation\" \/>\n<meta property=\"og:url\" content=\"https:\/\/www.uholavillagefoundation.com\/en\/laufende-projekte\/\" \/>\n<meta property=\"og:site_name\" content=\"Uhola Village Foundation\" \/>\n<meta property=\"article:modified_time\" content=\"2021-02-08T08:09:14+00:00\" \/>\n<meta name=\"twitter:card\" content=\"summary_large_image\" \/>\n<meta name=\"twitter:label1\" content=\"Est. reading time\" \/>\n\t<meta name=\"twitter:data1\" content=\"1 minute\" \/>\n<script type=\"application\/ld+json\" class=\"yoast-schema-graph\">{\"@context\":\"https:\/\/schema.org\",\"@graph\":[{\"@type\":\"WebPage\",\"@id\":\"https:\/\/www.uholavillagefoundation.com\/en\/laufende-projekte\/\",\"url\":\"https:\/\/www.uholavillagefoundation.com\/en\/laufende-projekte\/\",\"name\":\"Laufende Projekte - Uhola Village Foundation\",\"isPartOf\":{\"@id\":\"https:\/\/www.uholavillagefoundation.com\/#website\"},\"datePublished\":\"2019-09-23T14:49:20+00:00\",\"dateModified\":\"2021-02-08T08:09:14+00:00\",\"breadcrumb\":{\"@id\":\"https:\/\/www.uholavillagefoundation.com\/en\/laufende-projekte\/#breadcrumb\"},\"inLanguage\":\"en-UK\",\"potentialAction\":[{\"@type\":\"ReadAction\",\"target\":[\"https:\/\/www.uholavillagefoundation.com\/en\/laufende-projekte\/\"]}]},{\"@type\":\"BreadcrumbList\",\"@id\":\"https:\/\/www.uholavillagefoundation.com\/en\/laufende-projekte\/#breadcrumb\",\"itemListElement\":[{\"@type\":\"ListItem\",\"position\":1,\"name\":\"Home\",\"item\":\"https:\/\/www.uholavillagefoundation.com\/\"},{\"@type\":\"ListItem\",\"position\":2,\"name\":\"Laufende Projekte\"}]},{\"@type\":\"WebSite\",\"@id\":\"https:\/\/www.uholavillagefoundation.com\/#website\",\"url\":\"https:\/\/www.uholavillagefoundation.com\/\",\"name\":\"Uhola Village Foundation\",\"description\":\"Supporting sustainable development in Uhola, Kenya\",\"publisher\":{\"@id\":\"https:\/\/www.uholavillagefoundation.com\/#organization\"},\"potentialAction\":[{\"@type\":\"SearchAction\",\"target\":{\"@type\":\"EntryPoint\",\"urlTemplate\":\"https:\/\/www.uholavillagefoundation.com\/?s={search_term_string}\"},\"query-input\":\"required name=search_term_string\"}],\"inLanguage\":\"en-UK\"},{\"@type\":\"Organization\",\"@id\":\"https:\/\/www.uholavillagefoundation.com\/#organization\",\"name\":\"Uhola Village Foundation\",\"url\":\"https:\/\/www.uholavillagefoundation.com\/\",\"logo\":{\"@type\":\"ImageObject\",\"inLanguage\":\"en-UK\",\"@id\":\"https:\/\/www.uholavillagefoundation.com\/#\/schema\/logo\/image\/\",\"url\":\"https:\/\/www.uholavillagefoundation.com\/wp-content\/uploads\/2017\/12\/cropped-24826032_1647026988691478_194300397_o.png\",\"contentUrl\":\"https:\/\/www.uholavillagefoundation.com\/wp-content\/uploads\/2017\/12\/cropped-24826032_1647026988691478_194300397_o.png\",\"width\":251,\"height\":250,\"caption\":\"Uhola Village Foundation\"},\"image\":{\"@id\":\"https:\/\/www.uholavillagefoundation.com\/#\/schema\/logo\/image\/\"}}]}<\/script>\n<!-- \/ Yoast SEO plugin. -->","yoast_head_json":{"title":"Laufende Projekte - Uhola Village Foundation","robots":{"index":"index","follow":"follow","max-snippet":"max-snippet:-1","max-image-preview":"max-image-preview:large","max-video-preview":"max-video-preview:-1"},"canonical":"https:\/\/www.uholavillagefoundation.com\/en\/laufende-projekte\/","og_locale":"en_US","og_type":"article","og_title":"Laufende Projekte - Uhola Village Foundation","og_url":"https:\/\/www.uholavillagefoundation.com\/en\/laufende-projekte\/","og_site_name":"Uhola Village Foundation","article_modified_time":"2021-02-08T08:09:14+00:00","twitter_card":"summary_large_image","twitter_misc":{"Est. reading time":"1 minute"},"schema":{"@context":"https:\/\/schema.org","@graph":[{"@type":"WebPage","@id":"https:\/\/www.uholavillagefoundation.com\/en\/laufende-projekte\/","url":"https:\/\/www.uholavillagefoundation.com\/en\/laufende-projekte\/","name":"Laufende Projekte - Uhola Village Foundation","isPartOf":{"@id":"https:\/\/www.uholavillagefoundation.com\/#website"},"datePublished":"2019-09-23T14:49:20+00:00","dateModified":"2021-02-08T08:09:14+00:00","breadcrumb":{"@id":"https:\/\/www.uholavillagefoundation.com\/en\/laufende-projekte\/#breadcrumb"},"inLanguage":"en-UK","potentialAction":[{"@type":"ReadAction","target":["https:\/\/www.uholavillagefoundation.com\/en\/laufende-projekte\/"]}]},{"@type":"BreadcrumbList","@id":"https:\/\/www.uholavillagefoundation.com\/en\/laufende-projekte\/#breadcrumb","itemListElement":[{"@type":"ListItem","position":1,"name":"Home","item":"https:\/\/www.uholavillagefoundation.com\/"},{"@type":"ListItem","position":2,"name":"Laufende Projekte"}]},{"@type":"WebSite","@id":"https:\/\/www.uholavillagefoundation.com\/#website","url":"https:\/\/www.uholavillagefoundation.com\/","name":"Uhola Village Foundation","description":"Supporting sustainable development in Uhola, Kenya","publisher":{"@id":"https:\/\/www.uholavillagefoundation.com\/#organization"},"potentialAction":[{"@type":"SearchAction","target":{"@type":"EntryPoint","urlTemplate":"https:\/\/www.uholavillagefoundation.com\/?s={search_term_string}"},"query-input":"required name=search_term_string"}],"inLanguage":"en-UK"},{"@type":"Organization","@id":"https:\/\/www.uholavillagefoundation.com\/#organization","name":"Uhola Village Foundation","url":"https:\/\/www.uholavillagefoundation.com\/","logo":{"@type":"ImageObject","inLanguage":"en-UK","@id":"https:\/\/www.uholavillagefoundation.com\/#\/schema\/logo\/image\/","url":"https:\/\/www.uholavillagefoundation.com\/wp-content\/uploads\/2017\/12\/cropped-24826032_1647026988691478_194300397_o.png","contentUrl":"https:\/\/www.uholavillagefoundation.com\/wp-content\/uploads\/2017\/12\/cropped-24826032_1647026988691478_194300397_o.png","width":251,"height":250,"caption":"Uhola Village Foundation"},"image":{"@id":"https:\/\/www.uholavillagefoundation.com\/#\/schema\/logo\/image\/"}}]}},"_links":{"self":[{"href":"https:\/\/www.uholavillagefoundation.com\/en\/wp-json\/wp\/v2\/pages\/1603"}],"collection":[{"href":"https:\/\/www.uholavillagefoundation.com\/en\/wp-json\/wp\/v2\/pages"}],"about":[{"href":"https:\/\/www.uholavillagefoundation.com\/en\/wp-json\/wp\/v2\/types\/page"}],"author":[{"embeddable":true,"href":"https:\/\/www.uholavillagefoundation.com\/en\/wp-json\/wp\/v2\/users\/2"}],"replies":[{"embeddable":true,"href":"https:\/\/www.uholavillagefoundation.com\/en\/wp-json\/wp\/v2\/comments?post=1603"}],"version-history":[{"count":7,"href":"https:\/\/www.uholavillagefoundation.com\/en\/wp-json\/wp\/v2\/pages\/1603\/revisions"}],"predecessor-version":[{"id":3020,"href":"https:\/\/www.uholavillagefoundation.com\/en\/wp-json\/wp\/v2\/pages\/1603\/revisions\/3020"}],"wp:attachment":[{"href":"https:\/\/www.uholavillagefoundation.com\/en\/wp-json\/wp\/v2\/media?parent=1603"}],"curies":[{"name":"wp","href":"https:\/\/api.w.org\/{rel}","templated":true}]}}