{"id":1637,"date":"2019-09-29T15:25:19","date_gmt":"2019-09-29T13:25:19","guid":{"rendered":"http:\/\/www.uholavillagefoundation.com\/?page_id=1637"},"modified":"2019-09-29T15:29:27","modified_gmt":"2019-09-29T13:29:27","slug":"wir-bringen-den-stein-ins-rollen","status":"publish","type":"page","link":"https:\/\/www.uholavillagefoundation.com\/en\/wir-bringen-den-stein-ins-rollen\/","title":{"rendered":"&#8220;Wir bringen den Stein ins Rollen!&#8221;"},"content":{"rendered":"<p><strong>Eine Kampagne auf dem Fahrrad<\/strong><\/p>\n<p align=\"justify\">&#8216;Wir, Tabitha und Alois Stimpfle, Tochter und Vater und Initiatoren von Uhola Village Foundation e.V.\u00a0,\u00a0 schwingen uns auf unsere Drahtesel, um von M\u00fcnchen nach Rom (ca. 1.200 km und einige H\u00f6henmeter) zu radeln. Wir m\u00f6chten die Fahrradtour nutzen, um Spenden f\u00fcr den Schulausbau der Uhola Primary School\u00a0 in Kenia zu sammeln und so &#8220;<a href=\"https:\/\/www.haz.de\/Umland\/Wennigsen\/Tabitha-und-Alois-Stimpfle-aus-Wennigsen-engagieren-sich-mit-ihrer-Uhola-Village-Foundation-in-Afrika\">den Stein ins Rollen bringen<\/a>&#8220;.&#8217;<\/p>\n<p>Am Donnerstag, den 30. August 2018, ging es f\u00fcr die Beiden los und nur 10 Tage sp\u00e4ter fanden sie sich bereits auf dem Petersplatz wieder. Dabei radelten sie mehr als 7.000 \u20ac zusammen. <a href=\"https:\/\/www.haz.de\/Umland\/Wennigsen\/Fuer-Afrika-und-die-Dorfschule-in-Uhola-1000-Kilometer-mit-dem-Rad\">Auch die Hannoversche Allgemeine Zeitung (HAZ) berichtete dar\u00fcber.\u00a0<\/a><\/p>\n<p><img decoding=\"async\" loading=\"lazy\" class=\"aligncenter size-large wp-image-1642\" src=\"http:\/\/www.uholavillagefoundation.com\/wp-content\/uploads\/2019\/09\/IMG_20180909_182605-1024x768.jpg\" alt=\"\" width=\"525\" height=\"394\" srcset=\"https:\/\/www.uholavillagefoundation.com\/wp-content\/uploads\/2019\/09\/IMG_20180909_182605-1024x768.jpg 1024w, https:\/\/www.uholavillagefoundation.com\/wp-content\/uploads\/2019\/09\/IMG_20180909_182605-300x225.jpg 300w, https:\/\/www.uholavillagefoundation.com\/wp-content\/uploads\/2019\/09\/IMG_20180909_182605-768x576.jpg 768w\" sizes=\"(max-width: 525px) 100vw, 525px\" \/><\/p>\n<p>Ihr wollt mehr \u00fcber die Tour erfahren und eindr\u00fcckliche Fotos sehen? <a href=\"https:\/\/www.gofundme.com\/f\/wir-bringen-den-stein-ins-rollen\">Hier geht es zum Tour- und Fundraising-Blog.<\/a><\/p>\n","protected":false},"excerpt":{"rendered":"<p>Eine Kampagne auf dem Fahrrad &#8216;Wir, Tabitha und Alois Stimpfle, Tochter und Vater und Initiatoren von Uhola Village Foundation e.V.\u00a0,\u00a0 schwingen uns auf unsere Drahtesel, um von M\u00fcnchen nach Rom (ca. 1.200 km und einige H\u00f6henmeter) zu radeln. Wir m\u00f6chten die Fahrradtour nutzen, um Spenden f\u00fcr den Schulausbau der Uhola Primary School\u00a0 in Kenia zu &hellip; <\/p>\n<p class=\"link-more\"><a href=\"https:\/\/www.uholavillagefoundation.com\/en\/wir-bringen-den-stein-ins-rollen\/\" class=\"more-link\">Continue reading<span class=\"screen-reader-text\"> &#8220;&#8220;Wir bringen den Stein ins Rollen!&#8221;&#8221;<\/span><\/a><\/p>\n","protected":false},"author":2,"featured_media":0,"parent":0,"menu_order":0,"comment_status":"closed","ping_status":"closed","template":"","meta":[],"translation":{"provider":"WPGlobus","version":"2.10.9","language":"en","enabled_languages":["de","en"],"languages":{"de":{"title":true,"content":true,"excerpt":false},"en":{"title":false,"content":false,"excerpt":false}}},"yoast_head":"<!-- This site is optimized with the Yoast SEO plugin v20.0 - https:\/\/yoast.com\/wordpress\/plugins\/seo\/ -->\n<title>&quot;Wir bringen den Stein ins Rollen!&quot; - Uhola Village Foundation<\/title>\n<meta name=\"robots\" content=\"index, follow, max-snippet:-1, max-image-preview:large, max-video-preview:-1\" \/>\n<link rel=\"canonical\" href=\"https:\/\/www.uholavillagefoundation.com\/wir-bringen-den-stein-ins-rollen\/\" \/>\n<meta property=\"og:locale\" content=\"en_US\" \/>\n<meta property=\"og:type\" content=\"article\" \/>\n<meta property=\"og:title\" content=\"&quot;Wir bringen den Stein ins Rollen!&quot; - Uhola Village Foundation\" \/>\n<meta property=\"og:url\" content=\"https:\/\/www.uholavillagefoundation.com\/wir-bringen-den-stein-ins-rollen\/\" \/>\n<meta property=\"og:site_name\" content=\"Uhola Village Foundation\" \/>\n<meta property=\"article:modified_time\" content=\"2019-09-29T13:29:27+00:00\" \/>\n<meta property=\"og:image\" content=\"http:\/\/www.uholavillagefoundation.com\/wp-content\/uploads\/2019\/09\/IMG_20180909_182605-1024x768.jpg\" \/>\n<meta name=\"twitter:card\" content=\"summary_large_image\" \/>\n<meta name=\"twitter:label1\" content=\"Est. reading time\" \/>\n\t<meta name=\"twitter:data1\" content=\"1 minute\" \/>\n<script type=\"application\/ld+json\" class=\"yoast-schema-graph\">{\"@context\":\"https:\/\/schema.org\",\"@graph\":[{\"@type\":\"WebPage\",\"@id\":\"https:\/\/www.uholavillagefoundation.com\/wir-bringen-den-stein-ins-rollen\/\",\"url\":\"https:\/\/www.uholavillagefoundation.com\/wir-bringen-den-stein-ins-rollen\/\",\"name\":\"\\\"Wir bringen den Stein ins Rollen!\\\" - Uhola Village Foundation\",\"isPartOf\":{\"@id\":\"https:\/\/www.uholavillagefoundation.com\/#website\"},\"datePublished\":\"2019-09-29T13:25:19+00:00\",\"dateModified\":\"2019-09-29T13:29:27+00:00\",\"breadcrumb\":{\"@id\":\"https:\/\/www.uholavillagefoundation.com\/wir-bringen-den-stein-ins-rollen\/#breadcrumb\"},\"inLanguage\":\"en-UK\",\"potentialAction\":[{\"@type\":\"ReadAction\",\"target\":[\"https:\/\/www.uholavillagefoundation.com\/wir-bringen-den-stein-ins-rollen\/\"]}]},{\"@type\":\"BreadcrumbList\",\"@id\":\"https:\/\/www.uholavillagefoundation.com\/wir-bringen-den-stein-ins-rollen\/#breadcrumb\",\"itemListElement\":[{\"@type\":\"ListItem\",\"position\":1,\"name\":\"Home\",\"item\":\"https:\/\/www.uholavillagefoundation.com\/\"},{\"@type\":\"ListItem\",\"position\":2,\"name\":\"&#8222;Wir bringen den Stein ins Rollen!&#8220;\"}]},{\"@type\":\"WebSite\",\"@id\":\"https:\/\/www.uholavillagefoundation.com\/#website\",\"url\":\"https:\/\/www.uholavillagefoundation.com\/\",\"name\":\"Uhola Village Foundation\",\"description\":\"Supporting sustainable development in Uhola, Kenya\",\"publisher\":{\"@id\":\"https:\/\/www.uholavillagefoundation.com\/#organization\"},\"potentialAction\":[{\"@type\":\"SearchAction\",\"target\":{\"@type\":\"EntryPoint\",\"urlTemplate\":\"https:\/\/www.uholavillagefoundation.com\/?s={search_term_string}\"},\"query-input\":\"required name=search_term_string\"}],\"inLanguage\":\"en-UK\"},{\"@type\":\"Organization\",\"@id\":\"https:\/\/www.uholavillagefoundation.com\/#organization\",\"name\":\"Uhola Village Foundation\",\"url\":\"https:\/\/www.uholavillagefoundation.com\/\",\"logo\":{\"@type\":\"ImageObject\",\"inLanguage\":\"en-UK\",\"@id\":\"https:\/\/www.uholavillagefoundation.com\/#\/schema\/logo\/image\/\",\"url\":\"https:\/\/www.uholavillagefoundation.com\/wp-content\/uploads\/2017\/12\/cropped-24826032_1647026988691478_194300397_o.png\",\"contentUrl\":\"https:\/\/www.uholavillagefoundation.com\/wp-content\/uploads\/2017\/12\/cropped-24826032_1647026988691478_194300397_o.png\",\"width\":251,\"height\":250,\"caption\":\"Uhola Village Foundation\"},\"image\":{\"@id\":\"https:\/\/www.uholavillagefoundation.com\/#\/schema\/logo\/image\/\"}}]}<\/script>\n<!-- \/ Yoast SEO plugin. -->","yoast_head_json":{"title":"\"Wir bringen den Stein ins Rollen!\" - Uhola Village Foundation","robots":{"index":"index","follow":"follow","max-snippet":"max-snippet:-1","max-image-preview":"max-image-preview:large","max-video-preview":"max-video-preview:-1"},"canonical":"https:\/\/www.uholavillagefoundation.com\/wir-bringen-den-stein-ins-rollen\/","og_locale":"en_US","og_type":"article","og_title":"\"Wir bringen den Stein ins Rollen!\" - Uhola Village Foundation","og_url":"https:\/\/www.uholavillagefoundation.com\/wir-bringen-den-stein-ins-rollen\/","og_site_name":"Uhola Village Foundation","article_modified_time":"2019-09-29T13:29:27+00:00","og_image":[{"url":"http:\/\/www.uholavillagefoundation.com\/wp-content\/uploads\/2019\/09\/IMG_20180909_182605-1024x768.jpg"}],"twitter_card":"summary_large_image","twitter_misc":{"Est. reading time":"1 minute"},"schema":{"@context":"https:\/\/schema.org","@graph":[{"@type":"WebPage","@id":"https:\/\/www.uholavillagefoundation.com\/wir-bringen-den-stein-ins-rollen\/","url":"https:\/\/www.uholavillagefoundation.com\/wir-bringen-den-stein-ins-rollen\/","name":"\"Wir bringen den Stein ins Rollen!\" - Uhola Village Foundation","isPartOf":{"@id":"https:\/\/www.uholavillagefoundation.com\/#website"},"datePublished":"2019-09-29T13:25:19+00:00","dateModified":"2019-09-29T13:29:27+00:00","breadcrumb":{"@id":"https:\/\/www.uholavillagefoundation.com\/wir-bringen-den-stein-ins-rollen\/#breadcrumb"},"inLanguage":"en-UK","potentialAction":[{"@type":"ReadAction","target":["https:\/\/www.uholavillagefoundation.com\/wir-bringen-den-stein-ins-rollen\/"]}]},{"@type":"BreadcrumbList","@id":"https:\/\/www.uholavillagefoundation.com\/wir-bringen-den-stein-ins-rollen\/#breadcrumb","itemListElement":[{"@type":"ListItem","position":1,"name":"Home","item":"https:\/\/www.uholavillagefoundation.com\/"},{"@type":"ListItem","position":2,"name":"&#8222;Wir bringen den Stein ins Rollen!&#8220;"}]},{"@type":"WebSite","@id":"https:\/\/www.uholavillagefoundation.com\/#website","url":"https:\/\/www.uholavillagefoundation.com\/","name":"Uhola Village Foundation","description":"Supporting sustainable development in Uhola, Kenya","publisher":{"@id":"https:\/\/www.uholavillagefoundation.com\/#organization"},"potentialAction":[{"@type":"SearchAction","target":{"@type":"EntryPoint","urlTemplate":"https:\/\/www.uholavillagefoundation.com\/?s={search_term_string}"},"query-input":"required name=search_term_string"}],"inLanguage":"en-UK"},{"@type":"Organization","@id":"https:\/\/www.uholavillagefoundation.com\/#organization","name":"Uhola Village Foundation","url":"https:\/\/www.uholavillagefoundation.com\/","logo":{"@type":"ImageObject","inLanguage":"en-UK","@id":"https:\/\/www.uholavillagefoundation.com\/#\/schema\/logo\/image\/","url":"https:\/\/www.uholavillagefoundation.com\/wp-content\/uploads\/2017\/12\/cropped-24826032_1647026988691478_194300397_o.png","contentUrl":"https:\/\/www.uholavillagefoundation.com\/wp-content\/uploads\/2017\/12\/cropped-24826032_1647026988691478_194300397_o.png","width":251,"height":250,"caption":"Uhola Village Foundation"},"image":{"@id":"https:\/\/www.uholavillagefoundation.com\/#\/schema\/logo\/image\/"}}]}},"_links":{"self":[{"href":"https:\/\/www.uholavillagefoundation.com\/en\/wp-json\/wp\/v2\/pages\/1637"}],"collection":[{"href":"https:\/\/www.uholavillagefoundation.com\/en\/wp-json\/wp\/v2\/pages"}],"about":[{"href":"https:\/\/www.uholavillagefoundation.com\/en\/wp-json\/wp\/v2\/types\/page"}],"author":[{"embeddable":true,"href":"https:\/\/www.uholavillagefoundation.com\/en\/wp-json\/wp\/v2\/users\/2"}],"replies":[{"embeddable":true,"href":"https:\/\/www.uholavillagefoundation.com\/en\/wp-json\/wp\/v2\/comments?post=1637"}],"version-history":[{"count":3,"href":"https:\/\/www.uholavillagefoundation.com\/en\/wp-json\/wp\/v2\/pages\/1637\/revisions"}],"predecessor-version":[{"id":1639,"href":"https:\/\/www.uholavillagefoundation.com\/en\/wp-json\/wp\/v2\/pages\/1637\/revisions\/1639"}],"wp:attachment":[{"href":"https:\/\/www.uholavillagefoundation.com\/en\/wp-json\/wp\/v2\/media?parent=1637"}],"curies":[{"name":"wp","href":"https:\/\/api.w.org\/{rel}","templated":true}]}}