{"id":2970,"date":"2021-11-28T08:16:01","date_gmt":"2021-11-28T07:16:01","guid":{"rendered":"https:\/\/www.uholavillagefoundation.com\/?page_id=2970"},"modified":"2022-01-04T19:30:48","modified_gmt":"2022-01-04T18:30:48","slug":"fast-ein-weihnachtsmarkt","status":"publish","type":"page","link":"https:\/\/www.uholavillagefoundation.com\/en\/fast-ein-weihnachtsmarkt\/","title":{"rendered":"Fast ein Weihnachtsmarkt"},"content":{"rendered":"<p>Bisher gespendet: <div class=\"wppb-wrapper inside\"><div class=\"inside\">3.000\u20ac<\/div><div class=\"wppb-progress fixed\"><span class=\"animated-candystripe green\" style=\"width: 99%; background: #29a4f1;\"><span><\/span><\/span><\/div><\/div>\n<h2>Adventszeit 2021<\/h2>\n<p align=\"justify\">Die ersten Bundesl\u00e4nder schlie\u00dfen die Weihnachtsm\u00e4rkte und Winterd\u00f6rfer. Ramona B\u00fchler hatte bereits alles organisiert und sich einen Verkaufsplatz auf dem N\u00f6rdlinger Weihnachtsmarkt gesichert. Dort wollte sie selbst gemachte, weihnachtliche Postkarten, Schnullerketten, Armb\u00e4nder, Traumf\u00e4nger, Ketten u.v.m. verkaufen und den Erl\u00f6s <em>Uhola Village Foundation e.V.<\/em> zukommen lassen.\u00a0Nun hat sie mit einer Freundin umdisponiert.<\/p>\n<h6>Wie funktioniert es jetzt?<\/h6>\n<p align=\"justify\">Mit deiner Spende zu Weihnachten Gutes tun &amp; als Dankesch\u00f6n eine kleine Aufmerksamkeit bekommen!<\/p>\n<p><strong>1.<\/strong> Entscheide dich f\u00fcr eines der Geschenke (entweder auf den Fotos hier auf der Webseite oder direkt auf dem Instagram-Spendenaccount).<\/p>\n<p><strong>2.<\/strong> Teile uns per info@uholavillagefoundation.com oder Privatnachricht (Instagram) mit, was dir gef\u00e4llt und welchen Betrag du spenden m\u00f6chtest.<\/p>\n<p><strong>3.<\/strong> \u00dcberweise den Spendenbetrag* an das Spendenkonto:\u00a0Uhola Village Foundation e.V. | IBAN:\u00a0DE68 2519 3331 1118 3810 00 | Betreff: &#8220;Weihnachtsmarkt online&#8221;<\/p>\n<p><strong>4.<\/strong> Ramona und Laura schauen, dass das Geschenk dann rechtzeitig zu dir kommt.<\/p>\n<p style=\"text-align: center;\"><div id=\"su_slider_69e30e6549683\" class=\"su-slider su-slider-centered su-slider-pages-no su-slider-responsive-yes\" style=\"width:100%\" data-autoplay=\"3000\" data-speed=\"300\" data-mousewheel=\"false\"><div class=\"su-slider-slides\"><div class=\"su-slider-slide\"><a><img src=\"https:\/\/www.uholavillagefoundation.com\/wp-content\/uploads\/2021\/11\/Weihnachtsmarkt-virtuell_Geschenk-7-500x660.jpeg\" alt=\"Weihnachtsmarkt virtuell_Geschenk (7)\" \/><\/a><\/div><div class=\"su-slider-slide\"><a><img src=\"https:\/\/www.uholavillagefoundation.com\/wp-content\/uploads\/2021\/11\/Weihnachtsmarkt-virtuell_Geschenk-8-500x660.jpeg\" alt=\"Weihnachtsmarkt virtuell_Geschenk (8)\" \/><\/a><\/div><div class=\"su-slider-slide\"><a><img src=\"https:\/\/www.uholavillagefoundation.com\/wp-content\/uploads\/2021\/11\/Weihnachtsmarkt-virtuell_Geschenk-9-500x660.jpeg\" alt=\"Weihnachtsmarkt virtuell_Geschenk (9)\" \/><\/a><\/div><div class=\"su-slider-slide\"><a><img src=\"https:\/\/www.uholavillagefoundation.com\/wp-content\/uploads\/2021\/11\/Weihnachtsmarkt-virtuell_Geschenk-6-500x660.jpeg\" alt=\"Weihnachtsmarkt virtuell_Geschenk (6)\" \/><\/a><\/div><div class=\"su-slider-slide\"><a><img src=\"https:\/\/www.uholavillagefoundation.com\/wp-content\/uploads\/2021\/11\/Weihnachtsmarkt-virtuell_Geschenk-5-500x660.jpeg\" alt=\"Weihnachtsmarkt virtuell_Geschenk (5)\" \/><\/a><\/div><div class=\"su-slider-slide\"><a><img src=\"https:\/\/www.uholavillagefoundation.com\/wp-content\/uploads\/2021\/11\/Weihnachtsmarkt-virtuell_Geschenk-4-500x660.jpeg\" alt=\"Weihnachtsmarkt virtuell_Geschenk (4)\" \/><\/a><\/div><div class=\"su-slider-slide\"><a><img src=\"https:\/\/www.uholavillagefoundation.com\/wp-content\/uploads\/2021\/11\/Weihnachtsmarkt-virtuell_Geschenk-3-500x660.jpeg\" alt=\"Weihnachtsmarkt virtuell_Geschenk (3)\" \/><\/a><\/div><div class=\"su-slider-slide\"><a><img src=\"https:\/\/www.uholavillagefoundation.com\/wp-content\/uploads\/2021\/11\/Weihnachtsmarkt-virtuell_Geschenk-2-500x660.jpeg\" alt=\"Weihnachtsmarkt virtuell_Geschenk (2)\" \/><\/a><\/div><div class=\"su-slider-slide\"><a><img src=\"https:\/\/www.uholavillagefoundation.com\/wp-content\/uploads\/2021\/11\/Weihnachtsmarkt-virtuell_Geschenk-1-500x660.jpeg\" alt=\"Weihnachtsmarkt virtuell_Geschenk (1)\" \/><\/a><\/div><\/div><div class=\"su-slider-nav\"><div class=\"su-slider-direction\"><span class=\"su-slider-prev\"><\/span><span class=\"su-slider-next\"><\/span><\/div><div class=\"su-slider-pagination\"><\/div><\/div><\/div>\n<h6>Wir w\u00fcnschen Euch allen eine geruhsame Adventszeit!<\/h6>\n<p>(* 1 \u20ac pro Spende werden genutzt, um die entstandenen Materialkosten zu decken)<\/p>\n","protected":false},"excerpt":{"rendered":"<p>Bisher gespendet: Adventszeit 2021 Die ersten Bundesl\u00e4nder schlie\u00dfen die Weihnachtsm\u00e4rkte und Winterd\u00f6rfer. Ramona B\u00fchler hatte bereits alles organisiert und sich einen Verkaufsplatz auf dem N\u00f6rdlinger Weihnachtsmarkt gesichert. Dort wollte sie selbst gemachte, weihnachtliche Postkarten, Schnullerketten, Armb\u00e4nder, Traumf\u00e4nger, Ketten u.v.m. verkaufen und den Erl\u00f6s Uhola Village Foundation e.V. zukommen lassen.\u00a0Nun hat sie mit einer Freundin umdisponiert. &hellip; <\/p>\n<p class=\"link-more\"><a href=\"https:\/\/www.uholavillagefoundation.com\/en\/fast-ein-weihnachtsmarkt\/\" class=\"more-link\">Continue reading<span class=\"screen-reader-text\"> &#8220;Fast ein Weihnachtsmarkt&#8221;<\/span><\/a><\/p>\n","protected":false},"author":2,"featured_media":0,"parent":0,"menu_order":0,"comment_status":"closed","ping_status":"closed","template":"","meta":[],"translation":{"provider":"WPGlobus","version":"2.10.9","language":"en","enabled_languages":["de","en"],"languages":{"de":{"title":true,"content":true,"excerpt":false},"en":{"title":false,"content":false,"excerpt":false}}},"yoast_head":"<!-- This site is optimized with the Yoast SEO plugin v20.0 - https:\/\/yoast.com\/wordpress\/plugins\/seo\/ -->\n<title>Fast ein Weihnachtsmarkt - Uhola Village Foundation<\/title>\n<meta name=\"robots\" content=\"index, follow, max-snippet:-1, max-image-preview:large, max-video-preview:-1\" \/>\n<link rel=\"canonical\" href=\"https:\/\/www.uholavillagefoundation.com\/fast-ein-weihnachtsmarkt\/\" \/>\n<meta property=\"og:locale\" content=\"en_US\" \/>\n<meta property=\"og:type\" content=\"article\" \/>\n<meta property=\"og:title\" content=\"Fast ein Weihnachtsmarkt - Uhola Village Foundation\" \/>\n<meta property=\"og:url\" content=\"https:\/\/www.uholavillagefoundation.com\/fast-ein-weihnachtsmarkt\/\" \/>\n<meta property=\"og:site_name\" content=\"Uhola Village Foundation\" \/>\n<meta property=\"article:modified_time\" content=\"2022-01-04T18:30:48+00:00\" \/>\n<meta name=\"twitter:card\" content=\"summary_large_image\" \/>\n<meta name=\"twitter:label1\" content=\"Est. reading time\" \/>\n\t<meta name=\"twitter:data1\" content=\"1 minute\" \/>\n<script type=\"application\/ld+json\" class=\"yoast-schema-graph\">{\"@context\":\"https:\/\/schema.org\",\"@graph\":[{\"@type\":\"WebPage\",\"@id\":\"https:\/\/www.uholavillagefoundation.com\/fast-ein-weihnachtsmarkt\/\",\"url\":\"https:\/\/www.uholavillagefoundation.com\/fast-ein-weihnachtsmarkt\/\",\"name\":\"Fast ein Weihnachtsmarkt - Uhola Village Foundation\",\"isPartOf\":{\"@id\":\"https:\/\/www.uholavillagefoundation.com\/#website\"},\"datePublished\":\"2021-11-28T07:16:01+00:00\",\"dateModified\":\"2022-01-04T18:30:48+00:00\",\"breadcrumb\":{\"@id\":\"https:\/\/www.uholavillagefoundation.com\/fast-ein-weihnachtsmarkt\/#breadcrumb\"},\"inLanguage\":\"en-UK\",\"potentialAction\":[{\"@type\":\"ReadAction\",\"target\":[\"https:\/\/www.uholavillagefoundation.com\/fast-ein-weihnachtsmarkt\/\"]}]},{\"@type\":\"BreadcrumbList\",\"@id\":\"https:\/\/www.uholavillagefoundation.com\/fast-ein-weihnachtsmarkt\/#breadcrumb\",\"itemListElement\":[{\"@type\":\"ListItem\",\"position\":1,\"name\":\"Home\",\"item\":\"https:\/\/www.uholavillagefoundation.com\/\"},{\"@type\":\"ListItem\",\"position\":2,\"name\":\"Fast ein Weihnachtsmarkt\"}]},{\"@type\":\"WebSite\",\"@id\":\"https:\/\/www.uholavillagefoundation.com\/#website\",\"url\":\"https:\/\/www.uholavillagefoundation.com\/\",\"name\":\"Uhola Village Foundation\",\"description\":\"Supporting sustainable development in Uhola, Kenya\",\"publisher\":{\"@id\":\"https:\/\/www.uholavillagefoundation.com\/#organization\"},\"potentialAction\":[{\"@type\":\"SearchAction\",\"target\":{\"@type\":\"EntryPoint\",\"urlTemplate\":\"https:\/\/www.uholavillagefoundation.com\/?s={search_term_string}\"},\"query-input\":\"required name=search_term_string\"}],\"inLanguage\":\"en-UK\"},{\"@type\":\"Organization\",\"@id\":\"https:\/\/www.uholavillagefoundation.com\/#organization\",\"name\":\"Uhola Village Foundation\",\"url\":\"https:\/\/www.uholavillagefoundation.com\/\",\"logo\":{\"@type\":\"ImageObject\",\"inLanguage\":\"en-UK\",\"@id\":\"https:\/\/www.uholavillagefoundation.com\/#\/schema\/logo\/image\/\",\"url\":\"https:\/\/www.uholavillagefoundation.com\/wp-content\/uploads\/2017\/12\/cropped-24826032_1647026988691478_194300397_o.png\",\"contentUrl\":\"https:\/\/www.uholavillagefoundation.com\/wp-content\/uploads\/2017\/12\/cropped-24826032_1647026988691478_194300397_o.png\",\"width\":251,\"height\":250,\"caption\":\"Uhola Village Foundation\"},\"image\":{\"@id\":\"https:\/\/www.uholavillagefoundation.com\/#\/schema\/logo\/image\/\"}}]}<\/script>\n<!-- \/ Yoast SEO plugin. -->","yoast_head_json":{"title":"Fast ein Weihnachtsmarkt - Uhola Village Foundation","robots":{"index":"index","follow":"follow","max-snippet":"max-snippet:-1","max-image-preview":"max-image-preview:large","max-video-preview":"max-video-preview:-1"},"canonical":"https:\/\/www.uholavillagefoundation.com\/fast-ein-weihnachtsmarkt\/","og_locale":"en_US","og_type":"article","og_title":"Fast ein Weihnachtsmarkt - Uhola Village Foundation","og_url":"https:\/\/www.uholavillagefoundation.com\/fast-ein-weihnachtsmarkt\/","og_site_name":"Uhola Village Foundation","article_modified_time":"2022-01-04T18:30:48+00:00","twitter_card":"summary_large_image","twitter_misc":{"Est. reading time":"1 minute"},"schema":{"@context":"https:\/\/schema.org","@graph":[{"@type":"WebPage","@id":"https:\/\/www.uholavillagefoundation.com\/fast-ein-weihnachtsmarkt\/","url":"https:\/\/www.uholavillagefoundation.com\/fast-ein-weihnachtsmarkt\/","name":"Fast ein Weihnachtsmarkt - Uhola Village Foundation","isPartOf":{"@id":"https:\/\/www.uholavillagefoundation.com\/#website"},"datePublished":"2021-11-28T07:16:01+00:00","dateModified":"2022-01-04T18:30:48+00:00","breadcrumb":{"@id":"https:\/\/www.uholavillagefoundation.com\/fast-ein-weihnachtsmarkt\/#breadcrumb"},"inLanguage":"en-UK","potentialAction":[{"@type":"ReadAction","target":["https:\/\/www.uholavillagefoundation.com\/fast-ein-weihnachtsmarkt\/"]}]},{"@type":"BreadcrumbList","@id":"https:\/\/www.uholavillagefoundation.com\/fast-ein-weihnachtsmarkt\/#breadcrumb","itemListElement":[{"@type":"ListItem","position":1,"name":"Home","item":"https:\/\/www.uholavillagefoundation.com\/"},{"@type":"ListItem","position":2,"name":"Fast ein Weihnachtsmarkt"}]},{"@type":"WebSite","@id":"https:\/\/www.uholavillagefoundation.com\/#website","url":"https:\/\/www.uholavillagefoundation.com\/","name":"Uhola Village Foundation","description":"Supporting sustainable development in Uhola, Kenya","publisher":{"@id":"https:\/\/www.uholavillagefoundation.com\/#organization"},"potentialAction":[{"@type":"SearchAction","target":{"@type":"EntryPoint","urlTemplate":"https:\/\/www.uholavillagefoundation.com\/?s={search_term_string}"},"query-input":"required name=search_term_string"}],"inLanguage":"en-UK"},{"@type":"Organization","@id":"https:\/\/www.uholavillagefoundation.com\/#organization","name":"Uhola Village Foundation","url":"https:\/\/www.uholavillagefoundation.com\/","logo":{"@type":"ImageObject","inLanguage":"en-UK","@id":"https:\/\/www.uholavillagefoundation.com\/#\/schema\/logo\/image\/","url":"https:\/\/www.uholavillagefoundation.com\/wp-content\/uploads\/2017\/12\/cropped-24826032_1647026988691478_194300397_o.png","contentUrl":"https:\/\/www.uholavillagefoundation.com\/wp-content\/uploads\/2017\/12\/cropped-24826032_1647026988691478_194300397_o.png","width":251,"height":250,"caption":"Uhola Village Foundation"},"image":{"@id":"https:\/\/www.uholavillagefoundation.com\/#\/schema\/logo\/image\/"}}]}},"_links":{"self":[{"href":"https:\/\/www.uholavillagefoundation.com\/en\/wp-json\/wp\/v2\/pages\/2970"}],"collection":[{"href":"https:\/\/www.uholavillagefoundation.com\/en\/wp-json\/wp\/v2\/pages"}],"about":[{"href":"https:\/\/www.uholavillagefoundation.com\/en\/wp-json\/wp\/v2\/types\/page"}],"author":[{"embeddable":true,"href":"https:\/\/www.uholavillagefoundation.com\/en\/wp-json\/wp\/v2\/users\/2"}],"replies":[{"embeddable":true,"href":"https:\/\/www.uholavillagefoundation.com\/en\/wp-json\/wp\/v2\/comments?post=2970"}],"version-history":[{"count":26,"href":"https:\/\/www.uholavillagefoundation.com\/en\/wp-json\/wp\/v2\/pages\/2970\/revisions"}],"predecessor-version":[{"id":3059,"href":"https:\/\/www.uholavillagefoundation.com\/en\/wp-json\/wp\/v2\/pages\/2970\/revisions\/3059"}],"wp:attachment":[{"href":"https:\/\/www.uholavillagefoundation.com\/en\/wp-json\/wp\/v2\/media?parent=2970"}],"curies":[{"name":"wp","href":"https:\/\/api.w.org\/{rel}","templated":true}]}}