{"id":3247,"date":"2022-12-12T20:55:47","date_gmt":"2022-12-12T19:55:47","guid":{"rendered":"https:\/\/www.uholavillagefoundation.com\/?page_id=3247"},"modified":"2022-12-14T20:19:08","modified_gmt":"2022-12-14T19:19:08","slug":"uvf-patenschaft-als-weihnachtsgeschenk","status":"publish","type":"page","link":"https:\/\/www.uholavillagefoundation.com\/en\/uvf-patenschaft-als-weihnachtsgeschenk\/","title":{"rendered":"UVF-Patenschaft als Weihnachtsgeschenk"},"content":{"rendered":"<h1>UVF Patenschaft zu Weihnachten verschenken<\/h1>\n<div class=\"su-button-center\"><a href=\"https:\/\/docs.google.com\/forms\/d\/e\/1FAIpQLSfHGiIwwvCL_gVs32T4OduOBMM6BVoiSlu65trAsDciAZ-WIQ\/viewform?usp=share_link\" class=\"su-button su-button-style-default\" style=\"color:#ffffff;background-color:#29a4f1;border-color:#2184c1;border-radius:7px;-moz-border-radius:7px;-webkit-border-radius:7px\" target=\"_blank\" rel=\"noopener noreferrer\"><span style=\"color:#ffffff;padding:7px 20px;font-size:16px;line-height:24px;border-color:#6ac0f6;border-radius:7px;-moz-border-radius:7px;-webkit-border-radius:7px;text-shadow:0px 0px 0px #000000;-moz-text-shadow:0px 0px 0px #000000;-webkit-text-shadow:0px 0px 0px #000000\"><i class=\"sui sui-star\" style=\"font-size:16px;color:#ffffff\"><\/i> Zum Anmeldeformular<\/span><\/a><\/div>\n<p style=\"text-align: center;\"><div id=\"su_slider_69f73957ae515\" class=\"su-slider su-slider-centered su-slider-pages-no su-slider-responsive-yes\" style=\"width:100%\" data-autoplay=\"3000\" data-speed=\"100\" data-mousewheel=\"false\"><div class=\"su-slider-slides\"><div class=\"su-slider-slide\"><a><img src=\"https:\/\/www.uholavillagefoundation.com\/wp-content\/uploads\/2022\/12\/Weihnachtsaktion2022-500x500.jpeg\" alt=\"Weihnachtsaktion2022\" \/><\/a><\/div><div class=\"su-slider-slide\"><a><img src=\"https:\/\/www.uholavillagefoundation.com\/wp-content\/uploads\/2022\/12\/Weihnachtsaktion2022_2-500x500.jpeg\" alt=\"Weihnachtsaktion2022_2\" \/><\/a><\/div><\/div><div class=\"su-slider-nav\"><div class=\"su-slider-direction\"><span class=\"su-slider-prev\"><\/span><span class=\"su-slider-next\"><\/span><\/div><div class=\"su-slider-pagination\"><\/div><\/div><\/div>\n<p>&nbsp;<\/p>\n<h3>So geht&#8217;s:<\/h3>\n<ol>\n<li style=\"list-style-type: none;\">\n<ol>\n<li>Entscheide dich f\u00fcr eine Patenschaft.<\/li>\n<li>Schreibe uns eine Mail (<a href=\"mailto:info@uholavillagefoundation.com\" target=\"_blank\" rel=\"noopener\">info@uholavillagefoundation.com<\/a>) mit den Kontaktdaten (Name, E-Mail-Adresse) der\/des Beschenkten <strong>ODER<\/strong> f\u00fclle direkt das oben stehende Anmeldeformular digital aus.<\/li>\n<li>Die Kosten belaufen sich auf ca. 35\u20ac\/Monat. Wir lassen dir alle weiteren wichtigen Infos per E-Mail zukommen und stellen dir dann dein Patenkind vor.<\/li>\n<li>Nach Abschluss der Geschenkpatenschaft erh\u00e4ltst Du eine Best\u00e4tigungsmail mit einer Geschenkurkunde f\u00fcr die\/den Beschenkten.<br \/>\nAu\u00dferdem erh\u00e4lt die\/der Beschenkte regelm\u00e4\u00dfig im Rahmen unseres Patenschaften-Verteilers Fotos, Schulzeugnisse sowie einen Erfahrungsbrief von dem Patenkind.Am Ende jedes Jahres erh\u00e4ltst du, wenn erw\u00fcnscht, eine Spendenbescheinigung der Beitr\u00e4ge.<\/li>\n<\/ol>\n<\/li>\n<\/ol>\n<div class=\"su-spoiler su-spoiler-style-default su-spoiler-icon-arrow-circle-2 su-spoiler-closed\" data-scroll-offset=\"0\" data-anchor-in-url=\"no\"><div class=\"su-spoiler-title\" tabindex=\"0\" role=\"button\"><span class=\"su-spoiler-icon\"><\/span>Wie funktioniert eine Patenschaft?<\/div><div class=\"su-spoiler-content su-u-clearfix su-u-trim\">Mit einer UVF-Patenschaft finanzierst du die weiterf\u00fchrende Schulbildung f\u00fcr einen unserer <i>Supported Students<\/i>, die zuvor mithilfe eines Kriterienkatalogs von uns ausgew\u00e4hlt wurden, um zu gew\u00e4hrleisten, dass die insbesondere bed\u00fcrftigen Kinder Unterst\u00fctzung erhalten, die nicht den entsprechenden (finanziellen) R\u00fcckhalt aus der Familie erhalten (k\u00f6nnen). Zu diesen Kriterien z\u00e4hlen die Einkommenssituation des Vormundes sowie die Grundschulnoten des Abschlusszeugnisses und soziales, landwirtschaftliches oder handwerkliches Engagement.\u00a0Die Schulgeb\u00fchren m\u00fcssen am Anfang des Schuljahres, in Kenia im Januar, f\u00fcr das gesamte kommende Jahr bezahlt werden. Als Pat*in kannst du den Betrag entweder mit einer einmaligen Spende oder in monatlichen Raten an uns spenden. F\u00fcr beide Optionen erh\u00e4ltst du am Ende des jeweiligen Jahres, falls gew\u00fcnscht, eine <b>Spendenbescheinigung<\/b> \u00fcber die Zuwendung, die du beim Finanzamt einreichen kannst. <\/div><\/div>\n<div class=\"su-spoiler su-spoiler-style-default su-spoiler-icon-arrow-circle-2 su-spoiler-closed\" data-scroll-offset=\"0\" data-anchor-in-url=\"no\"><div class=\"su-spoiler-title\" tabindex=\"0\" role=\"button\"><span class=\"su-spoiler-icon\"><\/span>Wie lange dauert eine Patenschaft mit UVF?<\/div><div class=\"su-spoiler-content su-u-clearfix su-u-trim\">Die Secondary School (weiterf\u00fchrende Schule anschlie\u00dfend an die Grundschule) in Kenia umfasst aktuell noch vier Schuljahre. Das kenianische Schulsystem wird momentan etwas umgestellt, zurzeit umfasst die Grundschulzeit allerdings noch die Klassenstufen 1 bis 8, weshalb deine UVF-Patenschaft dementsprechend analog zum deutschen Schulsystem die Klassenstufen 9 bis 12 unterst\u00fctzt. Da wir regelm\u00e4\u00dfig Zeugnisse und Berichte der unterst\u00fctzten Sch\u00fcler*innen einholen, \u00fcberpr\u00fcfen wir, dass ein gewisses Leistungsniveau gehalten wird. Im Fall von unterdurchschnittlichen Noten, suchen wir im ersten Schritt das Gespr\u00e4ch mit den betroffenen Sch\u00fcler*innen und ihren Eltern, um den Ursachen auf den Grund zu gehen. Falls sich die Leistungen, beispielsweise durch extra Nachhilfestunden, nicht verbessern lassen, ist auch eine vorzeitige Beendigung der Patenschaft m\u00f6glich. Grunds\u00e4tzlich muss man sich nicht f\u00fcr die ganzen vier Jahre verpflichten, allerdings gibt es uns als Verein eine gewisse Planungssicherheit. <\/div><\/div>\n<div class=\"su-spoiler su-spoiler-style-default su-spoiler-icon-arrow-circle-2 su-spoiler-closed\" data-scroll-offset=\"0\" data-anchor-in-url=\"no\"><div class=\"su-spoiler-title\" tabindex=\"0\" role=\"button\"><span class=\"su-spoiler-icon\"><\/span>Wen oder was unterst\u00fctze ich mit meiner Patenschaft?<\/div><div class=\"su-spoiler-content su-u-clearfix su-u-trim\">Du unterst\u00fctzt Idah, Lawenda, Mitchel, Stency oder ein anderes Kind, dem durch UVF die weiterf\u00fchrende Schulbildung erm\u00f6glicht wird. Die Kinder sind alle zur Uhola Primary School (UPS) gegangen und ben\u00f6tigen finanzielle Unterst\u00fctzung f\u00fcr den Besuch der weiterf\u00fchrenden Schule, ohne die sie auf dem Arbeitsmarkt wenig bis keine Chance in Kenia h\u00e4tten. Da sich das Schuljahr in Kenia aktuell (Dezember) dem Ende neigt und die nationalen Abschlusspr\u00fcfungen korrigiert und benotet werden, werden in den n\u00e4chsten Wochen neue Patenschaftsanfragen auf uns zukommen.<\/div><\/div>\n<div class=\"su-spoiler su-spoiler-style-default su-spoiler-icon-arrow-circle-2 su-spoiler-closed\" data-scroll-offset=\"0\" data-anchor-in-url=\"no\"><div class=\"su-spoiler-title\" tabindex=\"0\" role=\"button\"><span class=\"su-spoiler-icon\"><\/span>Welche anderen M\u00f6glichkeiten gibt es UVF und die Kinder in Kenia zu unterst\u00fctzen?<\/div><div class=\"su-spoiler-content su-u-clearfix su-u-trim\">Statt einer Patenschaft freuen wir uns auch immer \u00fcber einmalige oder wiederkehrende allgemeine Spenden. Verschiedene Zahlungsweise f\u00fcr deine Spende kannst du auf <a href=\"https:\/\/www.uholavillagefoundation.com\/aktiv-werden\/spende-2\/\" target=\"_blank\" rel=\"noopener\">dieser Seite<\/a> finden.<\/p>\n<p>\u00dcberweise deine aktionsunabh\u00e4ngige Spende zu Weihnachten jetzt an folgendes Konto:<\/p>\n<p><strong>Uhola Village Foundation e.V.<\/strong><\/p>\n<p><strong>IBAN: DE68 2519 3331 1118 3810 00<\/strong><\/p>\n<p><em><strong>Stichwort: Weihnachten2022<\/strong><\/em><\/p>\n<\/div><\/div>\n","protected":false},"excerpt":{"rendered":"<p>UVF Patenschaft zu Weihnachten verschenken &nbsp; So geht&#8217;s: Entscheide dich f\u00fcr eine Patenschaft. Schreibe uns eine Mail (info@uholavillagefoundation.com) mit den Kontaktdaten (Name, E-Mail-Adresse) der\/des Beschenkten ODER f\u00fclle direkt das oben stehende Anmeldeformular digital aus. Die Kosten belaufen sich auf ca. 35\u20ac\/Monat. Wir lassen dir alle weiteren wichtigen Infos per E-Mail zukommen und stellen dir dann &hellip; <\/p>\n<p class=\"link-more\"><a href=\"https:\/\/www.uholavillagefoundation.com\/en\/uvf-patenschaft-als-weihnachtsgeschenk\/\" class=\"more-link\">Continue reading<span class=\"screen-reader-text\"> &#8220;UVF-Patenschaft als Weihnachtsgeschenk&#8221;<\/span><\/a><\/p>\n","protected":false},"author":2,"featured_media":0,"parent":0,"menu_order":0,"comment_status":"closed","ping_status":"closed","template":"","meta":[],"translation":{"provider":"WPGlobus","version":"2.10.9","language":"en","enabled_languages":["de","en"],"languages":{"de":{"title":true,"content":true,"excerpt":false},"en":{"title":false,"content":false,"excerpt":false}}},"yoast_head":"<!-- This site is optimized with the Yoast SEO plugin v20.0 - https:\/\/yoast.com\/wordpress\/plugins\/seo\/ -->\n<title>UVF-Patenschaft als Weihnachtsgeschenk - Uhola Village Foundation<\/title>\n<meta name=\"robots\" content=\"index, follow, max-snippet:-1, max-image-preview:large, max-video-preview:-1\" \/>\n<link rel=\"canonical\" href=\"https:\/\/www.uholavillagefoundation.com\/uvf-patenschaft-als-weihnachtsgeschenk\/\" \/>\n<meta property=\"og:locale\" content=\"en_US\" \/>\n<meta property=\"og:type\" content=\"article\" \/>\n<meta property=\"og:title\" content=\"UVF-Patenschaft als Weihnachtsgeschenk - Uhola Village Foundation\" \/>\n<meta property=\"og:url\" content=\"https:\/\/www.uholavillagefoundation.com\/uvf-patenschaft-als-weihnachtsgeschenk\/\" \/>\n<meta property=\"og:site_name\" content=\"Uhola Village Foundation\" \/>\n<meta property=\"article:modified_time\" content=\"2022-12-14T19:19:08+00:00\" \/>\n<meta name=\"twitter:card\" content=\"summary_large_image\" \/>\n<meta name=\"twitter:label1\" content=\"Est. reading time\" \/>\n\t<meta name=\"twitter:data1\" content=\"3 minutes\" \/>\n<script type=\"application\/ld+json\" class=\"yoast-schema-graph\">{\"@context\":\"https:\/\/schema.org\",\"@graph\":[{\"@type\":\"WebPage\",\"@id\":\"https:\/\/www.uholavillagefoundation.com\/uvf-patenschaft-als-weihnachtsgeschenk\/\",\"url\":\"https:\/\/www.uholavillagefoundation.com\/uvf-patenschaft-als-weihnachtsgeschenk\/\",\"name\":\"UVF-Patenschaft als Weihnachtsgeschenk - Uhola Village Foundation\",\"isPartOf\":{\"@id\":\"https:\/\/www.uholavillagefoundation.com\/#website\"},\"datePublished\":\"2022-12-12T19:55:47+00:00\",\"dateModified\":\"2022-12-14T19:19:08+00:00\",\"breadcrumb\":{\"@id\":\"https:\/\/www.uholavillagefoundation.com\/uvf-patenschaft-als-weihnachtsgeschenk\/#breadcrumb\"},\"inLanguage\":\"en-UK\",\"potentialAction\":[{\"@type\":\"ReadAction\",\"target\":[\"https:\/\/www.uholavillagefoundation.com\/uvf-patenschaft-als-weihnachtsgeschenk\/\"]}]},{\"@type\":\"BreadcrumbList\",\"@id\":\"https:\/\/www.uholavillagefoundation.com\/uvf-patenschaft-als-weihnachtsgeschenk\/#breadcrumb\",\"itemListElement\":[{\"@type\":\"ListItem\",\"position\":1,\"name\":\"Home\",\"item\":\"https:\/\/www.uholavillagefoundation.com\/\"},{\"@type\":\"ListItem\",\"position\":2,\"name\":\"UVF-Patenschaft als Weihnachtsgeschenk\"}]},{\"@type\":\"WebSite\",\"@id\":\"https:\/\/www.uholavillagefoundation.com\/#website\",\"url\":\"https:\/\/www.uholavillagefoundation.com\/\",\"name\":\"Uhola Village Foundation\",\"description\":\"Supporting sustainable development in Uhola, Kenya\",\"publisher\":{\"@id\":\"https:\/\/www.uholavillagefoundation.com\/#organization\"},\"potentialAction\":[{\"@type\":\"SearchAction\",\"target\":{\"@type\":\"EntryPoint\",\"urlTemplate\":\"https:\/\/www.uholavillagefoundation.com\/?s={search_term_string}\"},\"query-input\":\"required name=search_term_string\"}],\"inLanguage\":\"en-UK\"},{\"@type\":\"Organization\",\"@id\":\"https:\/\/www.uholavillagefoundation.com\/#organization\",\"name\":\"Uhola Village Foundation\",\"url\":\"https:\/\/www.uholavillagefoundation.com\/\",\"logo\":{\"@type\":\"ImageObject\",\"inLanguage\":\"en-UK\",\"@id\":\"https:\/\/www.uholavillagefoundation.com\/#\/schema\/logo\/image\/\",\"url\":\"https:\/\/www.uholavillagefoundation.com\/wp-content\/uploads\/2017\/12\/cropped-24826032_1647026988691478_194300397_o.png\",\"contentUrl\":\"https:\/\/www.uholavillagefoundation.com\/wp-content\/uploads\/2017\/12\/cropped-24826032_1647026988691478_194300397_o.png\",\"width\":251,\"height\":250,\"caption\":\"Uhola Village Foundation\"},\"image\":{\"@id\":\"https:\/\/www.uholavillagefoundation.com\/#\/schema\/logo\/image\/\"}}]}<\/script>\n<!-- \/ Yoast SEO plugin. -->","yoast_head_json":{"title":"UVF-Patenschaft als Weihnachtsgeschenk - Uhola Village Foundation","robots":{"index":"index","follow":"follow","max-snippet":"max-snippet:-1","max-image-preview":"max-image-preview:large","max-video-preview":"max-video-preview:-1"},"canonical":"https:\/\/www.uholavillagefoundation.com\/uvf-patenschaft-als-weihnachtsgeschenk\/","og_locale":"en_US","og_type":"article","og_title":"UVF-Patenschaft als Weihnachtsgeschenk - Uhola Village Foundation","og_url":"https:\/\/www.uholavillagefoundation.com\/uvf-patenschaft-als-weihnachtsgeschenk\/","og_site_name":"Uhola Village Foundation","article_modified_time":"2022-12-14T19:19:08+00:00","twitter_card":"summary_large_image","twitter_misc":{"Est. reading time":"3 minutes"},"schema":{"@context":"https:\/\/schema.org","@graph":[{"@type":"WebPage","@id":"https:\/\/www.uholavillagefoundation.com\/uvf-patenschaft-als-weihnachtsgeschenk\/","url":"https:\/\/www.uholavillagefoundation.com\/uvf-patenschaft-als-weihnachtsgeschenk\/","name":"UVF-Patenschaft als Weihnachtsgeschenk - Uhola Village Foundation","isPartOf":{"@id":"https:\/\/www.uholavillagefoundation.com\/#website"},"datePublished":"2022-12-12T19:55:47+00:00","dateModified":"2022-12-14T19:19:08+00:00","breadcrumb":{"@id":"https:\/\/www.uholavillagefoundation.com\/uvf-patenschaft-als-weihnachtsgeschenk\/#breadcrumb"},"inLanguage":"en-UK","potentialAction":[{"@type":"ReadAction","target":["https:\/\/www.uholavillagefoundation.com\/uvf-patenschaft-als-weihnachtsgeschenk\/"]}]},{"@type":"BreadcrumbList","@id":"https:\/\/www.uholavillagefoundation.com\/uvf-patenschaft-als-weihnachtsgeschenk\/#breadcrumb","itemListElement":[{"@type":"ListItem","position":1,"name":"Home","item":"https:\/\/www.uholavillagefoundation.com\/"},{"@type":"ListItem","position":2,"name":"UVF-Patenschaft als Weihnachtsgeschenk"}]},{"@type":"WebSite","@id":"https:\/\/www.uholavillagefoundation.com\/#website","url":"https:\/\/www.uholavillagefoundation.com\/","name":"Uhola Village Foundation","description":"Supporting sustainable development in Uhola, Kenya","publisher":{"@id":"https:\/\/www.uholavillagefoundation.com\/#organization"},"potentialAction":[{"@type":"SearchAction","target":{"@type":"EntryPoint","urlTemplate":"https:\/\/www.uholavillagefoundation.com\/?s={search_term_string}"},"query-input":"required name=search_term_string"}],"inLanguage":"en-UK"},{"@type":"Organization","@id":"https:\/\/www.uholavillagefoundation.com\/#organization","name":"Uhola Village Foundation","url":"https:\/\/www.uholavillagefoundation.com\/","logo":{"@type":"ImageObject","inLanguage":"en-UK","@id":"https:\/\/www.uholavillagefoundation.com\/#\/schema\/logo\/image\/","url":"https:\/\/www.uholavillagefoundation.com\/wp-content\/uploads\/2017\/12\/cropped-24826032_1647026988691478_194300397_o.png","contentUrl":"https:\/\/www.uholavillagefoundation.com\/wp-content\/uploads\/2017\/12\/cropped-24826032_1647026988691478_194300397_o.png","width":251,"height":250,"caption":"Uhola Village Foundation"},"image":{"@id":"https:\/\/www.uholavillagefoundation.com\/#\/schema\/logo\/image\/"}}]}},"_links":{"self":[{"href":"https:\/\/www.uholavillagefoundation.com\/en\/wp-json\/wp\/v2\/pages\/3247"}],"collection":[{"href":"https:\/\/www.uholavillagefoundation.com\/en\/wp-json\/wp\/v2\/pages"}],"about":[{"href":"https:\/\/www.uholavillagefoundation.com\/en\/wp-json\/wp\/v2\/types\/page"}],"author":[{"embeddable":true,"href":"https:\/\/www.uholavillagefoundation.com\/en\/wp-json\/wp\/v2\/users\/2"}],"replies":[{"embeddable":true,"href":"https:\/\/www.uholavillagefoundation.com\/en\/wp-json\/wp\/v2\/comments?post=3247"}],"version-history":[{"count":9,"href":"https:\/\/www.uholavillagefoundation.com\/en\/wp-json\/wp\/v2\/pages\/3247\/revisions"}],"predecessor-version":[{"id":3279,"href":"https:\/\/www.uholavillagefoundation.com\/en\/wp-json\/wp\/v2\/pages\/3247\/revisions\/3279"}],"wp:attachment":[{"href":"https:\/\/www.uholavillagefoundation.com\/en\/wp-json\/wp\/v2\/media?parent=3247"}],"curies":[{"name":"wp","href":"https:\/\/api.w.org\/{rel}","templated":true}]}}