{"id":335,"date":"2017-12-03T21:48:20","date_gmt":"2017-12-03T20:48:20","guid":{"rendered":"http:\/\/www.cbusch.de\/johannes\/wpuholavillagefoundation\/wordpress\/?page_id=335"},"modified":"2023-03-16T18:40:42","modified_gmt":"2023-03-16T17:40:42","slug":"schueler-patenschaft","status":"publish","type":"page","link":"https:\/\/www.uholavillagefoundation.com\/en\/aktiv-werden\/schueler-patenschaft\/","title":{"rendered":"Student sponsorship"},"content":{"rendered":"<\/p>\n<!-- \/wp:paragraph -->\n\n<!-- wp:heading {\"level\":1} -->\n<h1>Want to sponsor a school child in Kenya?<\/h1>\n<!-- \/wp:heading -->\n\n<!-- wp:paragraph -->\n<p><span style=\"color: #212121;\"><span style=\"font-size: medium;\">Many parents in the region are financially unable to provide education for their children beyond the primary school. Therefore, we would like to offer &#8220;sponsorships&#8221; to support individual students in their secondary school education. These secondary schools are usually further away from home and organized in the form of a boarding school, which is why school fees are more expensive than primary schools. If you are interested in such a sponsorship, please contact us at info@uholavillagefoundation.com with the subject &#8220;sponsorship&#8221;. So we can provide you with all further information and explain the exact procedure personally.<\/span><\/span><\/p>\n<!-- \/wp:paragraph -->\n\n<!-- wp:paragraph -->\n<p><span style=\"font-size: medium;\">Check our other possibilities to get involved: <\/span><\/p>\n<!-- \/wp:paragraph -->\n\n<!-- wp:list -->\n<ul><!-- wp:list-item -->\n<li><a href=\"http:\/\/www.uholavillagefoundation.com\/en\/aktiv-werden\/spende-2\/\">Donate<\/a><\/li>\n<!-- \/wp:list-item -->\n\n<!-- wp:list-item -->\n<li><a href=\"http:\/\/www.uholavillagefoundation.com\/en\/aktiv-werden\/mitglied-werden\/\">Become a member<\/a><\/li>\n<!-- \/wp:list-item -->\n\n<!-- wp:list-item -->\n<li><a href=\"http:\/\/www.uholavillagefoundation.com\/en\/aktiv-werden\/erfahrungsaustausch-lehr-und-lerndienst\/\">Volunteering for students of teaching<\/a><\/li>\n<!-- \/wp:list-item --><\/ul>\n<!-- \/wp:list -->\n\n<!-- wp:paragraph -->\n<p>","protected":false},"excerpt":{"rendered":"<p>Want to sponsor a school child in Kenya? Many parents in the region are financially unable to provide education for their children beyond the primary school. Therefore, we would like to offer &#8220;sponsorships&#8221; to support individual students in their secondary school education. These secondary schools are usually further away from home and organized in the &hellip; <\/p>\n<p class=\"link-more\"><a href=\"https:\/\/www.uholavillagefoundation.com\/en\/aktiv-werden\/schueler-patenschaft\/\" class=\"more-link\">Continue reading<span class=\"screen-reader-text\"> &#8220;Student sponsorship&#8221;<\/span><\/a><\/p>\n","protected":false},"author":1,"featured_media":0,"parent":267,"menu_order":0,"comment_status":"closed","ping_status":"closed","template":"","meta":[],"translation":{"provider":"WPGlobus","version":"2.10.9","language":"en","enabled_languages":["de","en"],"languages":{"de":{"title":true,"content":true,"excerpt":false},"en":{"title":true,"content":true,"excerpt":false}}},"yoast_head":"<!-- This site is optimized with the Yoast SEO plugin v20.0 - https:\/\/yoast.com\/wordpress\/plugins\/seo\/ -->\n<title>Sponsor a school child in Kenya - Uhola Village Foundation e.V.<\/title>\n<meta name=\"description\" content=\"We would like to enable as many students as possible who graduated from Uhola Primary School to go to Secondary School. If you are interested in sponsoring a child in its school education, click here.\" \/>\n<meta name=\"robots\" content=\"index, follow, max-snippet:-1, max-image-preview:large, max-video-preview:-1\" \/>\n<link rel=\"canonical\" href=\"https:\/\/www.uholavillagefoundation.com\/aktiv-werden\/schueler-patenschaft\/\" \/>\n<meta property=\"og:locale\" content=\"en_US\" \/>\n<meta property=\"og:type\" content=\"article\" \/>\n<meta property=\"og:title\" content=\"{:de}\u00dcbernehmen Sie eine Sch\u00fcler-Patenschaft - Uhola Village Foundation e.V.{:}{:en}Sponsor a school child in Kenya - Uhola Village Foundation e.V.{:}\" \/>\n<meta property=\"og:description\" content=\"We would like to enable as many students as possible who graduated from Uhola Primary School to go to Secondary School. If you are interested in sponsoring a child in its school education, click here.\" \/>\n<meta property=\"og:url\" content=\"https:\/\/www.uholavillagefoundation.com\/aktiv-werden\/schueler-patenschaft\/\" \/>\n<meta property=\"og:site_name\" content=\"Uhola Village Foundation\" \/>\n<meta property=\"article:modified_time\" content=\"2023-03-16T17:40:42+00:00\" \/>\n<meta name=\"twitter:card\" content=\"summary_large_image\" \/>\n<meta name=\"twitter:label1\" content=\"Est. reading time\" \/>\n\t<meta name=\"twitter:data1\" content=\"5 minutes\" \/>\n<script type=\"application\/ld+json\" class=\"yoast-schema-graph\">{\"@context\":\"https:\/\/schema.org\",\"@graph\":[{\"@type\":\"WebPage\",\"@id\":\"https:\/\/www.uholavillagefoundation.com\/aktiv-werden\/schueler-patenschaft\/\",\"url\":\"https:\/\/www.uholavillagefoundation.com\/aktiv-werden\/schueler-patenschaft\/\",\"name\":\"\u00dcbernehmen Sie eine Sch\u00fcler-Patenschaft - Uhola Village Foundation e.V.\",\"isPartOf\":{\"@id\":\"https:\/\/www.uholavillagefoundation.com\/#website\"},\"datePublished\":\"2017-12-03T20:48:20+00:00\",\"dateModified\":\"2023-03-16T17:40:42+00:00\",\"description\":\"Wir bieten Ihnen die M\u00f6glichkeit eine Patenschaft f\u00fcr einen Sch\u00fcler\/eine Sch\u00fclerin zu \u00fcbernehmen, der\/die einen guten bis sehr guten Abschluss an der Uhola Primary School gemacht hat und nun auf eine weiterf\u00fchrende Schule gehen m\u00f6chte. Finden Sie hier mehr heraus!\",\"breadcrumb\":{\"@id\":\"https:\/\/www.uholavillagefoundation.com\/aktiv-werden\/schueler-patenschaft\/#breadcrumb\"},\"inLanguage\":\"en-UK\",\"potentialAction\":[{\"@type\":\"ReadAction\",\"target\":[\"https:\/\/www.uholavillagefoundation.com\/aktiv-werden\/schueler-patenschaft\/\"]}]},{\"@type\":\"BreadcrumbList\",\"@id\":\"https:\/\/www.uholavillagefoundation.com\/aktiv-werden\/schueler-patenschaft\/#breadcrumb\",\"itemListElement\":[{\"@type\":\"ListItem\",\"position\":1,\"name\":\"Home\",\"item\":\"https:\/\/www.uholavillagefoundation.com\/\"},{\"@type\":\"ListItem\",\"position\":2,\"name\":\"Aktiv werden\",\"item\":\"https:\/\/www.uholavillagefoundation.com\/aktiv-werden\/\"},{\"@type\":\"ListItem\",\"position\":3,\"name\":\"\u00dcbernimm eine UVF-Patenschaft\"}]},{\"@type\":\"WebSite\",\"@id\":\"https:\/\/www.uholavillagefoundation.com\/#website\",\"url\":\"https:\/\/www.uholavillagefoundation.com\/\",\"name\":\"Uhola Village Foundation\",\"description\":\"Supporting sustainable development in Uhola, Kenya\",\"publisher\":{\"@id\":\"https:\/\/www.uholavillagefoundation.com\/#organization\"},\"potentialAction\":[{\"@type\":\"SearchAction\",\"target\":{\"@type\":\"EntryPoint\",\"urlTemplate\":\"https:\/\/www.uholavillagefoundation.com\/?s={search_term_string}\"},\"query-input\":\"required name=search_term_string\"}],\"inLanguage\":\"en-UK\"},{\"@type\":\"Organization\",\"@id\":\"https:\/\/www.uholavillagefoundation.com\/#organization\",\"name\":\"Uhola Village Foundation\",\"url\":\"https:\/\/www.uholavillagefoundation.com\/\",\"logo\":{\"@type\":\"ImageObject\",\"inLanguage\":\"en-UK\",\"@id\":\"https:\/\/www.uholavillagefoundation.com\/#\/schema\/logo\/image\/\",\"url\":\"https:\/\/www.uholavillagefoundation.com\/wp-content\/uploads\/2017\/12\/cropped-24826032_1647026988691478_194300397_o.png\",\"contentUrl\":\"https:\/\/www.uholavillagefoundation.com\/wp-content\/uploads\/2017\/12\/cropped-24826032_1647026988691478_194300397_o.png\",\"width\":251,\"height\":250,\"caption\":\"Uhola Village Foundation\"},\"image\":{\"@id\":\"https:\/\/www.uholavillagefoundation.com\/#\/schema\/logo\/image\/\"}}]}<\/script>\n<!-- \/ Yoast SEO plugin. -->","yoast_head_json":{"title":"Sponsor a school child in Kenya - Uhola Village Foundation e.V.","description":"We would like to enable as many students as possible who graduated from Uhola Primary School to go to Secondary School. If you are interested in sponsoring a child in its school education, click here.","robots":{"index":"index","follow":"follow","max-snippet":"max-snippet:-1","max-image-preview":"max-image-preview:large","max-video-preview":"max-video-preview:-1"},"canonical":"https:\/\/www.uholavillagefoundation.com\/aktiv-werden\/schueler-patenschaft\/","og_locale":"en_US","og_type":"article","og_title":"{:de}\u00dcbernehmen Sie eine Sch\u00fcler-Patenschaft - Uhola Village Foundation e.V.{:}{:en}Sponsor a school child in Kenya - Uhola Village Foundation e.V.{:}","og_description":"We would like to enable as many students as possible who graduated from Uhola Primary School to go to Secondary School. If you are interested in sponsoring a child in its school education, click here.","og_url":"https:\/\/www.uholavillagefoundation.com\/aktiv-werden\/schueler-patenschaft\/","og_site_name":"Uhola Village Foundation","article_modified_time":"2023-03-16T17:40:42+00:00","twitter_card":"summary_large_image","twitter_misc":{"Est. reading time":"5 minutes"},"schema":{"@context":"https:\/\/schema.org","@graph":[{"@type":"WebPage","@id":"https:\/\/www.uholavillagefoundation.com\/aktiv-werden\/schueler-patenschaft\/","url":"https:\/\/www.uholavillagefoundation.com\/aktiv-werden\/schueler-patenschaft\/","name":"\u00dcbernehmen Sie eine Sch\u00fcler-Patenschaft - Uhola Village Foundation e.V.","isPartOf":{"@id":"https:\/\/www.uholavillagefoundation.com\/#website"},"datePublished":"2017-12-03T20:48:20+00:00","dateModified":"2023-03-16T17:40:42+00:00","description":"Wir bieten Ihnen die M\u00f6glichkeit eine Patenschaft f\u00fcr einen Sch\u00fcler\/eine Sch\u00fclerin zu \u00fcbernehmen, der\/die einen guten bis sehr guten Abschluss an der Uhola Primary School gemacht hat und nun auf eine weiterf\u00fchrende Schule gehen m\u00f6chte. Finden Sie hier mehr heraus!","breadcrumb":{"@id":"https:\/\/www.uholavillagefoundation.com\/aktiv-werden\/schueler-patenschaft\/#breadcrumb"},"inLanguage":"en-UK","potentialAction":[{"@type":"ReadAction","target":["https:\/\/www.uholavillagefoundation.com\/aktiv-werden\/schueler-patenschaft\/"]}]},{"@type":"BreadcrumbList","@id":"https:\/\/www.uholavillagefoundation.com\/aktiv-werden\/schueler-patenschaft\/#breadcrumb","itemListElement":[{"@type":"ListItem","position":1,"name":"Home","item":"https:\/\/www.uholavillagefoundation.com\/"},{"@type":"ListItem","position":2,"name":"Aktiv werden","item":"https:\/\/www.uholavillagefoundation.com\/aktiv-werden\/"},{"@type":"ListItem","position":3,"name":"\u00dcbernimm eine UVF-Patenschaft"}]},{"@type":"WebSite","@id":"https:\/\/www.uholavillagefoundation.com\/#website","url":"https:\/\/www.uholavillagefoundation.com\/","name":"Uhola Village Foundation","description":"Supporting sustainable development in Uhola, Kenya","publisher":{"@id":"https:\/\/www.uholavillagefoundation.com\/#organization"},"potentialAction":[{"@type":"SearchAction","target":{"@type":"EntryPoint","urlTemplate":"https:\/\/www.uholavillagefoundation.com\/?s={search_term_string}"},"query-input":"required name=search_term_string"}],"inLanguage":"en-UK"},{"@type":"Organization","@id":"https:\/\/www.uholavillagefoundation.com\/#organization","name":"Uhola Village Foundation","url":"https:\/\/www.uholavillagefoundation.com\/","logo":{"@type":"ImageObject","inLanguage":"en-UK","@id":"https:\/\/www.uholavillagefoundation.com\/#\/schema\/logo\/image\/","url":"https:\/\/www.uholavillagefoundation.com\/wp-content\/uploads\/2017\/12\/cropped-24826032_1647026988691478_194300397_o.png","contentUrl":"https:\/\/www.uholavillagefoundation.com\/wp-content\/uploads\/2017\/12\/cropped-24826032_1647026988691478_194300397_o.png","width":251,"height":250,"caption":"Uhola Village Foundation"},"image":{"@id":"https:\/\/www.uholavillagefoundation.com\/#\/schema\/logo\/image\/"}}]}},"_links":{"self":[{"href":"https:\/\/www.uholavillagefoundation.com\/en\/wp-json\/wp\/v2\/pages\/335"}],"collection":[{"href":"https:\/\/www.uholavillagefoundation.com\/en\/wp-json\/wp\/v2\/pages"}],"about":[{"href":"https:\/\/www.uholavillagefoundation.com\/en\/wp-json\/wp\/v2\/types\/page"}],"author":[{"embeddable":true,"href":"https:\/\/www.uholavillagefoundation.com\/en\/wp-json\/wp\/v2\/users\/1"}],"replies":[{"embeddable":true,"href":"https:\/\/www.uholavillagefoundation.com\/en\/wp-json\/wp\/v2\/comments?post=335"}],"version-history":[{"count":32,"href":"https:\/\/www.uholavillagefoundation.com\/en\/wp-json\/wp\/v2\/pages\/335\/revisions"}],"predecessor-version":[{"id":3323,"href":"https:\/\/www.uholavillagefoundation.com\/en\/wp-json\/wp\/v2\/pages\/335\/revisions\/3323"}],"up":[{"embeddable":true,"href":"https:\/\/www.uholavillagefoundation.com\/en\/wp-json\/wp\/v2\/pages\/267"}],"wp:attachment":[{"href":"https:\/\/www.uholavillagefoundation.com\/en\/wp-json\/wp\/v2\/media?parent=335"}],"curies":[{"name":"wp","href":"https:\/\/api.w.org\/{rel}","templated":true}]}}