{"id":3464,"date":"2023-11-29T15:31:11","date_gmt":"2023-11-29T14:31:11","guid":{"rendered":"https:\/\/www.uholavillagefoundation.com\/?page_id=3464"},"modified":"2024-02-12T15:08:32","modified_gmt":"2024-02-12T14:08:32","slug":"aus-gutem-grund","status":"publish","type":"page","link":"https:\/\/www.uholavillagefoundation.com\/en\/aus-gutem-grund\/","title":{"rendered":"Aus gutem Grund"},"content":{"rendered":"\n<p>Freudige Neuigkeiten zum Abschluss des ersten Monats im Jahr 2024!<mark style=\"background-color:rgba(0, 0, 0, 0)\" class=\"has-inline-color has-black-color\"><strong>\ud83c\udf89\ud83d\uddd3\ufe0f<\/strong><\/mark><\/p>\n\n\n<div class=\"wp-block-image\">\n<figure class=\"aligncenter size-large is-resized\"><img decoding=\"async\" loading=\"lazy\" src=\"https:\/\/www.uholavillagefoundation.com\/wp-content\/uploads\/2024\/02\/2-1024x1024.png\" alt=\"\" class=\"wp-image-3544\" width=\"675\" height=\"675\" srcset=\"https:\/\/www.uholavillagefoundation.com\/wp-content\/uploads\/2024\/02\/2-1024x1024.png 1024w, https:\/\/www.uholavillagefoundation.com\/wp-content\/uploads\/2024\/02\/2-300x300.png 300w, https:\/\/www.uholavillagefoundation.com\/wp-content\/uploads\/2024\/02\/2-150x150.png 150w, https:\/\/www.uholavillagefoundation.com\/wp-content\/uploads\/2024\/02\/2-768x768.png 768w, https:\/\/www.uholavillagefoundation.com\/wp-content\/uploads\/2024\/02\/2-100x100.png 100w, https:\/\/www.uholavillagefoundation.com\/wp-content\/uploads\/2024\/02\/2.png 1080w\" sizes=\"(max-width: 675px) 100vw, 675px\" \/><\/figure><\/div>\n\n\n<p class=\"has-text-align-center\">Die Weihnachts-Fundraising-Aktion ist nun finally abgeschlossen und wir haben tats\u00e4chlich unser Spendenziel von 20.230\u20ac erreicht! \ud83c\udf1f<br>Herzlichen Dank an alle Spender*Innen f\u00fcr die Gro\u00dfz\u00fcgigkeit! \ud83d\udc99\ud83d\ude80<br>Au\u00dferdem ist der Grundbucheintrag f\u00fcr unser Berufsbildungszentrum durch! \u2705\ud83c\udfeb<br>Ein weiterer Schritt, der uns unserem Ziel, ein Berufsbildungszentrum zu errichten, n\u00e4her bringt.<br><\/p>\n\n\n\n<p><\/p>\n\n\n<h1 style=\"text-align: center;\"><span style=\"font-weight: 400;\">Das Grundst\u00fcck des neuen UVF-Berufsbildungszentrums mitfinanzieren<\/span><\/h1>\n<p style=\"text-align: center;\"><div class=\"su-image-carousel  su-image-carousel-has-spacing su-image-carousel-crop su-image-carousel-crop-1-1 su-image-carousel-has-outline su-image-carousel-adaptive su-image-carousel-slides-style-default su-image-carousel-controls-style-dark su-image-carousel-align-none\" style=\"\" data-flickity-options='{\"groupCells\":true,\"cellSelector\":\".su-image-carousel-item\",\"adaptiveHeight\":false,\"cellAlign\":\"left\",\"prevNextButtons\":true,\"pageDots\":true,\"autoPlay\":6000,\"imagesLoaded\":true,\"contain\":true,\"selectedAttraction\":0.025,\"friction\":0.28}' id=\"su_image_carousel_69d351bc8aec8\"><div class=\"su-image-carousel-item\"><div class=\"su-image-carousel-item-content\"><img width=\"300\" height=\"300\" src=\"https:\/\/www.uholavillagefoundation.com\/wp-content\/uploads\/2023\/11\/1-1-300x300.png\" class=\"\" alt=\"\" decoding=\"async\" loading=\"lazy\" srcset=\"https:\/\/www.uholavillagefoundation.com\/wp-content\/uploads\/2023\/11\/1-1-300x300.png 300w, https:\/\/www.uholavillagefoundation.com\/wp-content\/uploads\/2023\/11\/1-1-1024x1024.png 1024w, https:\/\/www.uholavillagefoundation.com\/wp-content\/uploads\/2023\/11\/1-1-150x150.png 150w, https:\/\/www.uholavillagefoundation.com\/wp-content\/uploads\/2023\/11\/1-1-768x768.png 768w, https:\/\/www.uholavillagefoundation.com\/wp-content\/uploads\/2023\/11\/1-1-100x100.png 100w, https:\/\/www.uholavillagefoundation.com\/wp-content\/uploads\/2023\/11\/1-1.png 1080w\" sizes=\"100vw\" \/><\/div><\/div><div class=\"su-image-carousel-item\"><div class=\"su-image-carousel-item-content\"><img width=\"300\" height=\"300\" src=\"https:\/\/www.uholavillagefoundation.com\/wp-content\/uploads\/2023\/11\/3-1-300x300.png\" class=\"\" alt=\"\" decoding=\"async\" loading=\"lazy\" srcset=\"https:\/\/www.uholavillagefoundation.com\/wp-content\/uploads\/2023\/11\/3-1-300x300.png 300w, https:\/\/www.uholavillagefoundation.com\/wp-content\/uploads\/2023\/11\/3-1-1024x1024.png 1024w, https:\/\/www.uholavillagefoundation.com\/wp-content\/uploads\/2023\/11\/3-1-150x150.png 150w, https:\/\/www.uholavillagefoundation.com\/wp-content\/uploads\/2023\/11\/3-1-768x768.png 768w, https:\/\/www.uholavillagefoundation.com\/wp-content\/uploads\/2023\/11\/3-1-100x100.png 100w, https:\/\/www.uholavillagefoundation.com\/wp-content\/uploads\/2023\/11\/3-1.png 1080w\" sizes=\"100vw\" \/><\/div><\/div><div class=\"su-image-carousel-item\"><div class=\"su-image-carousel-item-content\"><img width=\"300\" height=\"300\" src=\"https:\/\/www.uholavillagefoundation.com\/wp-content\/uploads\/2023\/11\/2-1-300x300.png\" class=\"\" alt=\"\" decoding=\"async\" loading=\"lazy\" srcset=\"https:\/\/www.uholavillagefoundation.com\/wp-content\/uploads\/2023\/11\/2-1-300x300.png 300w, https:\/\/www.uholavillagefoundation.com\/wp-content\/uploads\/2023\/11\/2-1-1024x1024.png 1024w, https:\/\/www.uholavillagefoundation.com\/wp-content\/uploads\/2023\/11\/2-1-150x150.png 150w, https:\/\/www.uholavillagefoundation.com\/wp-content\/uploads\/2023\/11\/2-1-768x768.png 768w, https:\/\/www.uholavillagefoundation.com\/wp-content\/uploads\/2023\/11\/2-1-100x100.png 100w, https:\/\/www.uholavillagefoundation.com\/wp-content\/uploads\/2023\/11\/2-1.png 1080w\" sizes=\"100vw\" \/><\/div><\/div><\/div><script id=\"su_image_carousel_69d351bc8aec8_script\">if(window.SUImageCarousel){setTimeout(function() {window.SUImageCarousel.initGallery(document.getElementById(\"su_image_carousel_69d351bc8aec8\"))}, 0);}var su_image_carousel_69d351bc8aec8_script=document.getElementById(\"su_image_carousel_69d351bc8aec8_script\");if(su_image_carousel_69d351bc8aec8_script){su_image_carousel_69d351bc8aec8_script.parentNode.removeChild(su_image_carousel_69d351bc8aec8_script);}<\/script>\n<h3><strong>Werde selbst Teil &#8211; So geht&#8217;s:<\/strong><\/h3>\n<p><span style=\"font-weight: 400;\"><strong>1. <\/strong>Sende deinen Wunschbetrag an das Spendenkonto per \u00dcberweisung (DE68 2519 3331 1118 3810 00) oder PayPal (<\/span><a href=\"mailto:info@uholavillagefoundation.com\"><span style=\"font-weight: 400;\">info@uholavillagefoundation.com<\/span><\/a><span style=\"font-weight: 400;\">) mit dem Betreff \u201cWeihnachten 2023\u201d.<\/span><\/p>\n<p><span style=\"font-weight: 400;\"><strong>2. <\/strong>Bei einem Wert \u00fcber 200\u20ac und unter Angabe deiner physischen sowie E-Mail-Adresse erh\u00e4ltst du eine Spendenbescheinigung f\u00fcr das Finanzamt.<\/span><\/p>\n<p><span style=\"font-weight: 400;\"><strong>3. <\/strong>Wenn du deine Spende zu Weihnachten verschenken m\u00f6chtest, schicke uns eine E-Mail an <\/span><a href=\"mailto:info@uholavillagefoundation.com\"><span style=\"font-weight: 400;\">info@uholavillagefoundation.com<\/span><\/a><span style=\"font-weight: 400;\"> und wir lassen dir eine personalisierte Geschenkurkunde zukommen.\u00a0<\/span><\/p>\n<p><span style=\"font-weight: 400;\"><strong>4. <\/strong>Du hast deinen Beitrag geleistet, dass wir dem neuen Berufsbildungszentrum einen Schritt n\u00e4her gekommen sind. 1000 Dank! Alle wichtigen Infos dazu, inkl. n\u00e4chster Schritte, findest du in den FAQs.<\/span><\/p>\n<h3><strong>Hier den Spendenfortschritt verfolgen:<\/strong><\/h3>\n<p style=\"text-align: left;\">Bisher gespendet: <div class=\"wppb-wrapper inside\"><div class=\"inside\">20.145\u20ac<\/div><div class=\"wppb-progress fixed\"><span class=\"animated-candystripe green\" style=\"width: 98%; background: #29a4f1;\"><span><\/span><\/span><\/div><\/div>\n<h3><strong>FAQ<\/strong><\/h3>\n<div class=\"su-spoiler su-spoiler-style-default su-spoiler-icon-arrow-circle-2 su-spoiler-closed\" data-scroll-offset=\"0\" data-anchor-in-url=\"no\"><div class=\"su-spoiler-title\" tabindex=\"0\" role=\"button\"><span class=\"su-spoiler-icon\"><\/span>Was steckt hinter UVF und der Spendenaktion?<\/div><div class=\"su-spoiler-content su-u-clearfix su-u-trim\">\n<p><i><span style=\"font-weight: 400;\">Uhola Village Foundation e.V<\/span><\/i><span style=\"font-weight: 400;\">. (UVF) ist ein in Deutschland anerkannter, gemeinn\u00fctziger Verein, der sich geographisch auf das Dorf Uhola und seine Umgebung in Siaya County, Westkenia, konzentriert. Mit dem Ziel, den Bewohner*innen eine menschenw\u00fcrdige und nachhaltige Lebensqualit\u00e4t zu erm\u00f6glichen, liegt der Fokus auf der Verbesserung der Bildungschancen und der F\u00f6rderung von landwirtschaftlichen Strukturen und Fachwissen, wobei UVF sowohl finanziell als auch personell unterst\u00fctzt.<\/span><\/p>\n<p><span style=\"font-weight: 400;\">Seit sechs Jahren engagiert sich UVF aktiv in Bildungs- und Landwirtschaftsprojekten. Bildung ist ein Eckpfeiler der Initiativen von UVF, wodurch im Laufe der Jahre die Grundschule in Uhola um Klassenr\u00e4ume, Sport- und Spielplatz, Bibliothek sowie Schulgarten erweitert wurde. Au\u00dferdem unterst\u00fctzt UVF seit 7 Jahren die Ausbildung von bed\u00fcrftigen Sch\u00fcler*innen an weiterf\u00fchrenden Schulen in Form von ausgew\u00e4hlten Stipendien.<\/span><\/p>\n<p><span style=\"font-weight: 400;\">Die zweite S\u00e4ule der UVF-Bem\u00fchungen ist die Landwirtschaft, wobei der Schwerpunkt auf den technisch-handwerklichen Aspekten liegt. Mit dem Schwerpunkt auf Nachhaltigkeit bei der Nutzung nat\u00fcrlicher Ressourcen setzt sich UVF f\u00fcr den \u00f6kologischen Landbau und naturnahe L\u00f6sungen in der Landwirtschaft ein und betont dabei die Vorteile f\u00fcr den Umwelt- , Ressourcen- und Klimaschutz. Ziel ist es, lokales Know-How in einer Region zu f\u00f6rdern, die aufgrund der starken Abh\u00e4ngigkeit von agrarischer Kleinproduktion stark von den lokalen Auswirkungen des globalen Klimawandels betroffen ist.<\/span><\/p>\n<p><span style=\"font-weight: 400;\">Ebenjene Prinzipien sollen auch die Grundlage f\u00fcr das neue Berufsbildungszentrum bilden. Im Rahmen dessen setzt sich der Verein f\u00fcr die nachhaltige Fortf\u00fchrung von Bildungsangeboten ein, um die beruflichen und existenziellen Perspektiven in Siaya County zu erweitern, indem der Jugend entsprechende technisch-handwerkliche F\u00e4higkeiten vermittelt werden, langfristig auch \u00fcber den landwirtschaftlichen Bereich hinausgehend.<\/span><\/p>\n<\/div><\/div>\n<div class=\"su-spoiler su-spoiler-style-default su-spoiler-icon-arrow-circle-2 su-spoiler-closed\" data-scroll-offset=\"0\" data-anchor-in-url=\"no\"><div class=\"su-spoiler-title\" tabindex=\"0\" role=\"button\"><span class=\"su-spoiler-icon\"><\/span>Was ist das Projekt Berufsbildungszentrum?<\/div><div class=\"su-spoiler-content su-u-clearfix su-u-trim\">\n<p>In den n\u00e4chsten drei Jahren planen die <em>Salesians of Don Bosco Eastern Africa<\/em> (SDB) und die UVF die Gr\u00fcndung eines Berufsbildungszentrums (Technical Vocational and Educational Center, TVET) im Siaya County im Westen Kenias. Das TVET-Zentrum wird Jugendlichen und jungen Erwachsenen praktische und theoretische Kenntnisse in verschiedenen technisch-handwerklichen Bereichen vermitteln.<\/p>\n<p>Das Hauptziel dieses Capacity Development-Projekts ist es, zur Transformation des landwirtschaftlichen Sektors in Kenia beizutragen. Hierdurch soll auf lokaler und regionaler Ebene Hunger und Armut, durch die St\u00e4rkung der Resilienz agrarischer Systeme sowie der lokalen Besch\u00e4ftigungsf\u00e4higkeit, bek\u00e4mpft werden. Das Berufsbildungszentrum wird sich auf verschiedene Bereiche konzentrieren, darunter technische Bildung, nachhaltiges Ressourcenmanagement (inkl. Wasser), Forschung und Entwicklung, (\u00f6kologischer) Gartenbau, Business Development, Geschlechtergerechtigkeit, Umwelt und Klimawandel sowie Wertsch\u00f6pfung und Vermarktung landwirtschaftlicher Produkte. Durch diese erm\u00e4chtigenden Aktivit\u00e4ten strebt das Zentrum an, die F\u00e4higkeiten und Ressourcen der lokalen Gemeinschaft zu st\u00e4rken und nachhaltige Entwicklungsziele zu f\u00f6rdern.<\/div><\/div>\n<div class=\"su-spoiler su-spoiler-style-default su-spoiler-icon-arrow-circle-2 su-spoiler-closed\" data-scroll-offset=\"0\" data-anchor-in-url=\"no\"><div class=\"su-spoiler-title\" tabindex=\"0\" role=\"button\"><span class=\"su-spoiler-icon\"><\/span>Warum der Kooperationspartner Don Bosco?<\/div><div class=\"su-spoiler-content su-u-clearfix su-u-trim\"><em>Salesians of Don Bosco Eastern Africa (SDB)<\/em> weist bereits langj\u00e4hrige Erfahrung im Bereich Technical Vocational Education and Training (TVET) auf und betreut seit vielen Jahrzehnten erfolgreich vier TVET-Einrichtungen in Kenia (in Makuyu, Marsabit, Embu und Kakuma). Die Kooperation zwischen SDB und UVF soll die Errichtung eines neuen Berufsbildungszentrums im Westen Kenias erm\u00f6glichen, wo es ein solches Zentrum bisher noch nicht gibt.<\/p>\n<p>Die bestehenden Einrichtungen von Don Bosco haben sich auf die Ausbildung in Landwirtschaft und anderen technischen Fertigkeiten konzentriert. Ihr Hauptziel ist es, benachteiligten Jugendlichen in Kenia Lebenskompetenzen und technische F\u00e4higkeiten zu vermitteln. Dies geschieht durch praxisorientierte Ausbildungsprogramme, die darauf abzielen, den Lebensunterhalt der Jugendlichen zu verbessern und sie zu verantwortungsbewussten B\u00fcrgern zu machen. Die geplante Erweiterung im Westen Kenias wird dazu beitragen, die Reichweite dieser unterst\u00fctzenden Bildungsinitiativen zu erh\u00f6hen und zielt darauf ab, die Lebensbedingungen der Jugendlichen in dieser Region nachhaltig zu verbessern.<\/div><\/div>\n<div class=\"su-spoiler su-spoiler-style-default su-spoiler-icon-arrow-circle-2 su-spoiler-closed\" data-scroll-offset=\"0\" data-anchor-in-url=\"no\"><div class=\"su-spoiler-title\" tabindex=\"0\" role=\"button\"><span class=\"su-spoiler-icon\"><\/span>Was umfasst die Spendenaktion? Warum wurde dieses Projekt ausgew\u00e4hlt?<\/div><div class=\"su-spoiler-content su-u-clearfix su-u-trim\">Das Kooperationsprojekt hat zum Ziel, ein Berufsbildungszentrum in Ndere, einem Teilort von Ugunja, im Bezirk Siaya zu errichten. Das Zentrum soll jungen Menschen verschiedene technische F\u00e4higkeiten vermitteln, angefangen mit Fertigkeiten f\u00fcr eine nachhaltige, naturnahe Landwirtschaft, um die Kapazit\u00e4ten junger Menschen vor Ort aufzubauen und auf diese Weise zur Beseitigung von Hunger und Armut beizutragen.<\/p>\n<p>Damit wir diesem Hauptziel Schritt f\u00fcr Schritt n\u00e4her kommen, m\u00f6chten wir chronologisch mit dem Grund beginnen, da er die Basis des gesamten Projekts sowie einen sehr gro\u00dfen Kostenfaktor f\u00fcr UVF darstellt.<\/div><\/div>\n<div class=\"su-spoiler su-spoiler-style-default su-spoiler-icon-arrow-circle-2 su-spoiler-closed\" data-scroll-offset=\"0\" data-anchor-in-url=\"no\"><div class=\"su-spoiler-title\" tabindex=\"0\" role=\"button\"><span class=\"su-spoiler-icon\"><\/span>Was ist noch geplant? Wie sehen die n\u00e4chsten Schritte des Projekts aus?<\/div><div class=\"su-spoiler-content su-u-clearfix su-u-trim\">Der rechtm\u00e4\u00dfige Erwerb des Grundst\u00fccks ist erst der kleine, aber fundamentale Anfang!<\/p>\n<p><strong>2024<\/strong>: N\u00e4chstes Jahr soll eben jenes Grundst\u00fcck aufbereitet werden. Geplant sind die Brunnenbohrung und der Bau einer solarbetriebenen Pumpe mit Wasserspeicher. Das Grundst\u00fcck wird durch eine Einz\u00e4unung und Grenzbepflanzung strukturiert \u2013 mit dem Fokus auf Str\u00e4uchern und B\u00e4umen. Eine klare Einteilung des Gel\u00e4ndes in Wohn- und Wirtschaftsbereich sowie Garten- und Ackerbereich wird vorgenommen. Wir beginnen mit der Bearbeitung des Garten- und Ackerbodens nach den Prinzipien der \u00f6kologischen &#8220;Permakultur&#8221;. Parallel dazu wird ein Lehr- und Lerncurriculum erstellt, das die bio-dynamische Landwirtschaft in Kombination mit Agroforesting umfasst. Der Antrag auf Genehmigung einer \u00f6kologisch orientierten landwirtschaftlichen Berufsschule, angelehnt an die bew\u00e4hrten Berufsbildungszentren von Don Bosco, wird vorbereitet.<\/p>\n<p><strong>2025:<\/strong> Im Jahr 2025 steht der Bau der Geb\u00e4ude im Fokus. Dies umfasst Internats- und Schulungsr\u00e4umen, den Kloster-Bereich f\u00fcr die Mitglieder des Don Bosco Ordens sowie Stallungen, Scheunen, Ger\u00e4te- und Maschinen-Schuppen. Die biodynamische Kultivierung der Garten- und Ackerfl\u00e4chen wird weiterentwickelt. Internats- und Ausbildungspl\u00e4tze sollen ausgeschrieben werden, insbesondere f\u00fcr Jugendliche mit Sekundarschulabschluss aus dem l\u00e4ndlichen Einzugsgebiet im Westen Kenias. Ebenso sollen Informations- und Fortbildungskurse zu biodynamischer Landwirtschaft und Agro-Forestry angeboten werden.<\/p>\n<p><strong>2026:<\/strong> 2026 startet dann hoffentlich der erste Jahrgang an der Landwirtschaftsschule sowie in den Informations- und Fortbildungskursen. Gleichzeitig suchen wir nach M\u00f6glichkeiten zur Erweiterung des Grundst\u00fccks und planen die Ausdehnung der Gewerke-Angebote sowohl schulisch-fachlich als auch geb\u00e4udetechnisch. Unser grundlegendes Anliegen bleibt die F\u00f6rderung von Wissen und Know-how in den lokal dringend ben\u00f6tigten Gewerken, vor allem durch die Implementierung des dualen Ausbildungssystems.<\/div><\/div>\n<p><img decoding=\"async\" loading=\"lazy\" class=\"aligncenter  wp-image-3499\" src=\"https:\/\/www.uholavillagefoundation.com\/wp-content\/uploads\/2023\/11\/Screenshot-2023-11-30-125711.png\" alt=\"\" width=\"549\" height=\"289\" srcset=\"https:\/\/www.uholavillagefoundation.com\/wp-content\/uploads\/2023\/11\/Screenshot-2023-11-30-125711.png 986w, https:\/\/www.uholavillagefoundation.com\/wp-content\/uploads\/2023\/11\/Screenshot-2023-11-30-125711-300x158.png 300w, https:\/\/www.uholavillagefoundation.com\/wp-content\/uploads\/2023\/11\/Screenshot-2023-11-30-125711-768x405.png 768w\" sizes=\"(max-width: 549px) 100vw, 549px\" \/><\/p>\n<div class=\"su-box su-box-style-default\" id=\"\" style=\"border-color:#0071be;border-radius:3px\"><div class=\"su-box-title\" style=\"background-color:#29a4f1;color:#FFFFFF;border-top-left-radius:1px;border-top-right-radius:1px\">Jetzt spenden<\/div><div class=\"su-box-content su-u-clearfix su-u-trim\" style=\"border-bottom-left-radius:1px;border-bottom-right-radius:1px\">Sende deine Spende zu Weihnachten jetzt an unser Spendenkonto via:<\/p>\n<p>A) Bank\u00fcberweisung: Uhola Village Foundation e.V. | IBAN: DE68 2519 3331 1118 3810 00<\/p>\n<p>B) Paypal: info@uholavillagefoundation.com<\/p>\n<p>Stichwort: Weihnachten2023<\/div><\/div>\n\n\n<figure class=\"wp-block-image\"><img alt=\"\"\/><\/figure>\n\n\n\n<figure class=\"wp-block-image\"><img alt=\"\"\/><\/figure>\n\n\n\n<figure class=\"wp-block-image\"><img alt=\"\"\/><\/figure>\n","protected":false},"excerpt":{"rendered":"<p>Freudige Neuigkeiten zum Abschluss des ersten Monats im Jahr 2024!\ud83c\udf89\ud83d\uddd3\ufe0f Die Weihnachts-Fundraising-Aktion ist nun finally abgeschlossen und wir haben tats\u00e4chlich unser Spendenziel von 20.230\u20ac erreicht! \ud83c\udf1fHerzlichen Dank an alle Spender*Innen f\u00fcr die Gro\u00dfz\u00fcgigkeit! \ud83d\udc99\ud83d\ude80Au\u00dferdem ist der Grundbucheintrag f\u00fcr unser Berufsbildungszentrum durch! \u2705\ud83c\udfebEin weiterer Schritt, der uns unserem Ziel, ein Berufsbildungszentrum zu errichten, n\u00e4her bringt. Das &hellip; <\/p>\n<p class=\"link-more\"><a href=\"https:\/\/www.uholavillagefoundation.com\/en\/aus-gutem-grund\/\" class=\"more-link\">Continue reading<span class=\"screen-reader-text\"> &#8220;Aus gutem Grund&#8221;<\/span><\/a><\/p>\n","protected":false},"author":2,"featured_media":0,"parent":0,"menu_order":0,"comment_status":"closed","ping_status":"closed","template":"","meta":[],"translation":{"provider":"WPGlobus","version":"2.10.9","language":"en","enabled_languages":["de","en"],"languages":{"de":{"title":true,"content":true,"excerpt":false},"en":{"title":false,"content":false,"excerpt":false}}},"yoast_head":"<!-- This site is optimized with the Yoast SEO plugin v20.0 - https:\/\/yoast.com\/wordpress\/plugins\/seo\/ -->\n<title>Aus gutem Grund - Uhola Village Foundation<\/title>\n<meta name=\"robots\" content=\"index, follow, max-snippet:-1, max-image-preview:large, max-video-preview:-1\" \/>\n<link rel=\"canonical\" href=\"https:\/\/www.uholavillagefoundation.com\/aus-gutem-grund\/\" \/>\n<meta property=\"og:locale\" content=\"en_US\" \/>\n<meta property=\"og:type\" content=\"article\" \/>\n<meta property=\"og:title\" content=\"Aus gutem Grund - Uhola Village Foundation\" \/>\n<meta property=\"og:url\" content=\"https:\/\/www.uholavillagefoundation.com\/aus-gutem-grund\/\" \/>\n<meta property=\"og:site_name\" content=\"Uhola Village Foundation\" \/>\n<meta property=\"article:modified_time\" content=\"2024-02-12T14:08:32+00:00\" \/>\n<meta property=\"og:image\" content=\"https:\/\/www.uholavillagefoundation.com\/wp-content\/uploads\/2024\/02\/2-1024x1024.png\" \/>\n<meta name=\"twitter:card\" content=\"summary_large_image\" \/>\n<meta name=\"twitter:label1\" content=\"Est. reading time\" \/>\n\t<meta name=\"twitter:data1\" content=\"6 minutes\" \/>\n<script type=\"application\/ld+json\" class=\"yoast-schema-graph\">{\"@context\":\"https:\/\/schema.org\",\"@graph\":[{\"@type\":\"WebPage\",\"@id\":\"https:\/\/www.uholavillagefoundation.com\/aus-gutem-grund\/\",\"url\":\"https:\/\/www.uholavillagefoundation.com\/aus-gutem-grund\/\",\"name\":\"Aus gutem Grund - Uhola Village Foundation\",\"isPartOf\":{\"@id\":\"https:\/\/www.uholavillagefoundation.com\/#website\"},\"datePublished\":\"2023-11-29T14:31:11+00:00\",\"dateModified\":\"2024-02-12T14:08:32+00:00\",\"breadcrumb\":{\"@id\":\"https:\/\/www.uholavillagefoundation.com\/aus-gutem-grund\/#breadcrumb\"},\"inLanguage\":\"en-UK\",\"potentialAction\":[{\"@type\":\"ReadAction\",\"target\":[\"https:\/\/www.uholavillagefoundation.com\/aus-gutem-grund\/\"]}]},{\"@type\":\"BreadcrumbList\",\"@id\":\"https:\/\/www.uholavillagefoundation.com\/aus-gutem-grund\/#breadcrumb\",\"itemListElement\":[{\"@type\":\"ListItem\",\"position\":1,\"name\":\"Home\",\"item\":\"https:\/\/www.uholavillagefoundation.com\/\"},{\"@type\":\"ListItem\",\"position\":2,\"name\":\"Aus gutem Grund\"}]},{\"@type\":\"WebSite\",\"@id\":\"https:\/\/www.uholavillagefoundation.com\/#website\",\"url\":\"https:\/\/www.uholavillagefoundation.com\/\",\"name\":\"Uhola Village Foundation\",\"description\":\"Supporting sustainable development in Uhola, Kenya\",\"publisher\":{\"@id\":\"https:\/\/www.uholavillagefoundation.com\/#organization\"},\"potentialAction\":[{\"@type\":\"SearchAction\",\"target\":{\"@type\":\"EntryPoint\",\"urlTemplate\":\"https:\/\/www.uholavillagefoundation.com\/?s={search_term_string}\"},\"query-input\":\"required name=search_term_string\"}],\"inLanguage\":\"en-UK\"},{\"@type\":\"Organization\",\"@id\":\"https:\/\/www.uholavillagefoundation.com\/#organization\",\"name\":\"Uhola Village Foundation\",\"url\":\"https:\/\/www.uholavillagefoundation.com\/\",\"logo\":{\"@type\":\"ImageObject\",\"inLanguage\":\"en-UK\",\"@id\":\"https:\/\/www.uholavillagefoundation.com\/#\/schema\/logo\/image\/\",\"url\":\"https:\/\/www.uholavillagefoundation.com\/wp-content\/uploads\/2017\/12\/cropped-24826032_1647026988691478_194300397_o.png\",\"contentUrl\":\"https:\/\/www.uholavillagefoundation.com\/wp-content\/uploads\/2017\/12\/cropped-24826032_1647026988691478_194300397_o.png\",\"width\":251,\"height\":250,\"caption\":\"Uhola Village Foundation\"},\"image\":{\"@id\":\"https:\/\/www.uholavillagefoundation.com\/#\/schema\/logo\/image\/\"}}]}<\/script>\n<!-- \/ Yoast SEO plugin. -->","yoast_head_json":{"title":"Aus gutem Grund - Uhola Village Foundation","robots":{"index":"index","follow":"follow","max-snippet":"max-snippet:-1","max-image-preview":"max-image-preview:large","max-video-preview":"max-video-preview:-1"},"canonical":"https:\/\/www.uholavillagefoundation.com\/aus-gutem-grund\/","og_locale":"en_US","og_type":"article","og_title":"Aus gutem Grund - Uhola Village Foundation","og_url":"https:\/\/www.uholavillagefoundation.com\/aus-gutem-grund\/","og_site_name":"Uhola Village Foundation","article_modified_time":"2024-02-12T14:08:32+00:00","og_image":[{"url":"https:\/\/www.uholavillagefoundation.com\/wp-content\/uploads\/2024\/02\/2-1024x1024.png"}],"twitter_card":"summary_large_image","twitter_misc":{"Est. reading time":"6 minutes"},"schema":{"@context":"https:\/\/schema.org","@graph":[{"@type":"WebPage","@id":"https:\/\/www.uholavillagefoundation.com\/aus-gutem-grund\/","url":"https:\/\/www.uholavillagefoundation.com\/aus-gutem-grund\/","name":"Aus gutem Grund - Uhola Village Foundation","isPartOf":{"@id":"https:\/\/www.uholavillagefoundation.com\/#website"},"datePublished":"2023-11-29T14:31:11+00:00","dateModified":"2024-02-12T14:08:32+00:00","breadcrumb":{"@id":"https:\/\/www.uholavillagefoundation.com\/aus-gutem-grund\/#breadcrumb"},"inLanguage":"en-UK","potentialAction":[{"@type":"ReadAction","target":["https:\/\/www.uholavillagefoundation.com\/aus-gutem-grund\/"]}]},{"@type":"BreadcrumbList","@id":"https:\/\/www.uholavillagefoundation.com\/aus-gutem-grund\/#breadcrumb","itemListElement":[{"@type":"ListItem","position":1,"name":"Home","item":"https:\/\/www.uholavillagefoundation.com\/"},{"@type":"ListItem","position":2,"name":"Aus gutem Grund"}]},{"@type":"WebSite","@id":"https:\/\/www.uholavillagefoundation.com\/#website","url":"https:\/\/www.uholavillagefoundation.com\/","name":"Uhola Village Foundation","description":"Supporting sustainable development in Uhola, Kenya","publisher":{"@id":"https:\/\/www.uholavillagefoundation.com\/#organization"},"potentialAction":[{"@type":"SearchAction","target":{"@type":"EntryPoint","urlTemplate":"https:\/\/www.uholavillagefoundation.com\/?s={search_term_string}"},"query-input":"required name=search_term_string"}],"inLanguage":"en-UK"},{"@type":"Organization","@id":"https:\/\/www.uholavillagefoundation.com\/#organization","name":"Uhola Village Foundation","url":"https:\/\/www.uholavillagefoundation.com\/","logo":{"@type":"ImageObject","inLanguage":"en-UK","@id":"https:\/\/www.uholavillagefoundation.com\/#\/schema\/logo\/image\/","url":"https:\/\/www.uholavillagefoundation.com\/wp-content\/uploads\/2017\/12\/cropped-24826032_1647026988691478_194300397_o.png","contentUrl":"https:\/\/www.uholavillagefoundation.com\/wp-content\/uploads\/2017\/12\/cropped-24826032_1647026988691478_194300397_o.png","width":251,"height":250,"caption":"Uhola Village Foundation"},"image":{"@id":"https:\/\/www.uholavillagefoundation.com\/#\/schema\/logo\/image\/"}}]}},"_links":{"self":[{"href":"https:\/\/www.uholavillagefoundation.com\/en\/wp-json\/wp\/v2\/pages\/3464"}],"collection":[{"href":"https:\/\/www.uholavillagefoundation.com\/en\/wp-json\/wp\/v2\/pages"}],"about":[{"href":"https:\/\/www.uholavillagefoundation.com\/en\/wp-json\/wp\/v2\/types\/page"}],"author":[{"embeddable":true,"href":"https:\/\/www.uholavillagefoundation.com\/en\/wp-json\/wp\/v2\/users\/2"}],"replies":[{"embeddable":true,"href":"https:\/\/www.uholavillagefoundation.com\/en\/wp-json\/wp\/v2\/comments?post=3464"}],"version-history":[{"count":56,"href":"https:\/\/www.uholavillagefoundation.com\/en\/wp-json\/wp\/v2\/pages\/3464\/revisions"}],"predecessor-version":[{"id":3554,"href":"https:\/\/www.uholavillagefoundation.com\/en\/wp-json\/wp\/v2\/pages\/3464\/revisions\/3554"}],"wp:attachment":[{"href":"https:\/\/www.uholavillagefoundation.com\/en\/wp-json\/wp\/v2\/media?parent=3464"}],"curies":[{"name":"wp","href":"https:\/\/api.w.org\/{rel}","templated":true}]}}