{"id":3683,"date":"2024-09-27T13:55:17","date_gmt":"2024-09-27T11:55:17","guid":{"rendered":"https:\/\/www.uholavillagefoundation.com\/?page_id=3683"},"modified":"2025-01-07T18:24:42","modified_gmt":"2025-01-07T17:24:42","slug":"adventsaktion-2024","status":"publish","type":"page","link":"https:\/\/www.uholavillagefoundation.com\/en\/adventsaktion-2024\/","title":{"rendered":"Adventsaktion 2024"},"content":{"rendered":"\n<p class=\"has-text-align-left\">Hier halten wir euch \u00fcber den Spendenstand auf dem Laufenden: <div class=\"wppb-wrapper inside\"><div class=\"inside\">22.530\u20ac<\/div><div class=\"wppb-progress fixed\"><span class=\"animated-candystripe green\" style=\"width: 98%; background: #29a4f1;\"><span><\/span><\/span><\/div><\/div>\n\n\n\n<p><\/p>\n\n\n\n<figure class=\"wp-block-image size-large is-resized\"><img decoding=\"async\" loading=\"lazy\" src=\"https:\/\/www.uholavillagefoundation.com\/wp-content\/uploads\/2024\/12\/1_20241205_155546_0000-1024x1024.png\" alt=\"\" class=\"wp-image-3730\" width=\"377\" height=\"377\" srcset=\"https:\/\/www.uholavillagefoundation.com\/wp-content\/uploads\/2024\/12\/1_20241205_155546_0000-1024x1024.png 1024w, https:\/\/www.uholavillagefoundation.com\/wp-content\/uploads\/2024\/12\/1_20241205_155546_0000-300x300.png 300w, https:\/\/www.uholavillagefoundation.com\/wp-content\/uploads\/2024\/12\/1_20241205_155546_0000-150x150.png 150w, https:\/\/www.uholavillagefoundation.com\/wp-content\/uploads\/2024\/12\/1_20241205_155546_0000-768x768.png 768w, https:\/\/www.uholavillagefoundation.com\/wp-content\/uploads\/2024\/12\/1_20241205_155546_0000-100x100.png 100w, https:\/\/www.uholavillagefoundation.com\/wp-content\/uploads\/2024\/12\/1_20241205_155546_0000.png 1080w\" sizes=\"(max-width: 377px) 100vw, 377px\" \/><\/figure>\n\n\n\n<h1 class=\"wp-block-heading\">UVF- Adventsaktion 2024 &#8211; Gemeinsam Gutes tun<\/h1>\n\n\n\n<p>Unsere diesj\u00e4hrige Weihnachtsaktion bringt nicht nur Freude in Euer Zuhause, sondern unterst\u00fctzt auch unser Engagement in Uhola, Westkenia, und zaubert mit Sicherheit auch ein L\u00e4cheln auf die Gesichter eurer Liebsten durch einen pers\u00f6nlichen Adventsgru\u00df.<\/p>\n\n\n\n<ol>\n<li><strong>Postkarte<\/strong> \u2013 mit selbst gemalten Motiven von Kindern aus Uhola \u2013 unter Angabe deiner Postanschrift und Anzahl der Karten unter <a href=\"mailto:info@uholavillagefoundation.com\">info@uholavillagefoundation.com<\/a> <strong>bestellen<\/strong>. <\/li>\n\n\n\n<li><strong>Vorderen Teil<\/strong> der Klappkarte <strong>abtrennen und<\/strong> als Weihnachtsgru\u00df an Freunde, Familie oder Bekannte <strong>verschicken<\/strong>.<\/li>\n\n\n\n<li>Einen <strong>Spendenbetrag<\/strong> deiner Wahl <strong>\u00fcberweisen<\/strong> oder<strong> paypalen*<\/strong>, um unsere schulischen und landwirtschaftlichen Projekte in Uhola zu unterst\u00fctzen.<\/li>\n\n\n\n<li>Einen positiven Beitrag geleistet haben und <strong>sch\u00f6ne Weihnachtstage<\/strong> <strong>genie\u00dfen<\/strong>!<\/li>\n<\/ol>\n\n\n\n<p> <strong>UVF w\u00fcnscht eine besinnliche Adventszeit!<\/strong><\/p>\n\n\n\n<figure class=\"wp-block-image size-large\"><img decoding=\"async\" loading=\"lazy\" width=\"1024\" height=\"297\" src=\"https:\/\/www.uholavillagefoundation.com\/wp-content\/uploads\/2024\/10\/Adventsaktion_fuer-Webseite-1024x297.png\" alt=\"\" class=\"wp-image-3703\" srcset=\"https:\/\/www.uholavillagefoundation.com\/wp-content\/uploads\/2024\/10\/Adventsaktion_fuer-Webseite-1024x297.png 1024w, https:\/\/www.uholavillagefoundation.com\/wp-content\/uploads\/2024\/10\/Adventsaktion_fuer-Webseite-300x87.png 300w, https:\/\/www.uholavillagefoundation.com\/wp-content\/uploads\/2024\/10\/Adventsaktion_fuer-Webseite-768x223.png 768w, https:\/\/www.uholavillagefoundation.com\/wp-content\/uploads\/2024\/10\/Adventsaktion_fuer-Webseite.png 1072w\" sizes=\"(max-width: 706px) 89vw, (max-width: 767px) 82vw, 740px\" \/><\/figure>\n\n\n\n<div class=\"wp-block-file\"><object class=\"wp-block-file__embed\" data=\"https:\/\/www.uholavillagefoundation.com\/wp-content\/uploads\/2024\/12\/UVF_Flyer-Adventsaktion.pdf\" type=\"application\/pdf\" style=\"width:100%;height:600px\" aria-label=\"Embed of UVF_Flyer-Adventsaktion.\"><\/object><a id=\"wp-block-file--media-f064530c-3a4e-4baf-8028-b39456ece77a\" href=\"https:\/\/www.uholavillagefoundation.com\/wp-content\/uploads\/2024\/12\/UVF_Flyer-Adventsaktion.pdf\">UVF_Flyer-Adventsaktion<\/a><a href=\"https:\/\/www.uholavillagefoundation.com\/wp-content\/uploads\/2024\/12\/UVF_Flyer-Adventsaktion.pdf\" class=\"wp-block-file__button wp-element-button\" download aria-describedby=\"wp-block-file--media-f064530c-3a4e-4baf-8028-b39456ece77a\">Herunterladen<\/a><\/div>\n","protected":false},"excerpt":{"rendered":"<p>Hier halten wir euch \u00fcber den Spendenstand auf dem Laufenden: UVF- Adventsaktion 2024 &#8211; Gemeinsam Gutes tun Unsere diesj\u00e4hrige Weihnachtsaktion bringt nicht nur Freude in Euer Zuhause, sondern unterst\u00fctzt auch unser Engagement in Uhola, Westkenia, und zaubert mit Sicherheit auch ein L\u00e4cheln auf die Gesichter eurer Liebsten durch einen pers\u00f6nlichen Adventsgru\u00df. UVF w\u00fcnscht eine besinnliche &hellip; <\/p>\n<p class=\"link-more\"><a href=\"https:\/\/www.uholavillagefoundation.com\/en\/adventsaktion-2024\/\" class=\"more-link\">Continue reading<span class=\"screen-reader-text\"> &#8220;Adventsaktion 2024&#8221;<\/span><\/a><\/p>\n","protected":false},"author":2,"featured_media":0,"parent":0,"menu_order":0,"comment_status":"closed","ping_status":"closed","template":"","meta":[],"translation":{"provider":"WPGlobus","version":"2.10.9","language":"en","enabled_languages":["de","en"],"languages":{"de":{"title":true,"content":true,"excerpt":false},"en":{"title":false,"content":false,"excerpt":false}}},"yoast_head":"<!-- This site is optimized with the Yoast SEO plugin v20.0 - https:\/\/yoast.com\/wordpress\/plugins\/seo\/ -->\n<title>Adventsaktion 2024 - Uhola Village Foundation<\/title>\n<meta name=\"robots\" content=\"index, follow, max-snippet:-1, max-image-preview:large, max-video-preview:-1\" \/>\n<link rel=\"canonical\" href=\"https:\/\/www.uholavillagefoundation.com\/adventsaktion-2024\/\" \/>\n<meta property=\"og:locale\" content=\"en_US\" \/>\n<meta property=\"og:type\" content=\"article\" \/>\n<meta property=\"og:title\" content=\"Adventsaktion 2024 - Uhola Village Foundation\" \/>\n<meta property=\"og:url\" content=\"https:\/\/www.uholavillagefoundation.com\/adventsaktion-2024\/\" \/>\n<meta property=\"og:site_name\" content=\"Uhola Village Foundation\" \/>\n<meta property=\"article:modified_time\" content=\"2025-01-07T17:24:42+00:00\" \/>\n<meta property=\"og:image\" content=\"https:\/\/www.uholavillagefoundation.com\/wp-content\/uploads\/2024\/12\/1_20241205_155546_0000-1024x1024.png\" \/>\n<meta name=\"twitter:card\" content=\"summary_large_image\" \/>\n<meta name=\"twitter:label1\" content=\"Est. reading time\" \/>\n\t<meta name=\"twitter:data1\" content=\"1 minute\" \/>\n<script type=\"application\/ld+json\" class=\"yoast-schema-graph\">{\"@context\":\"https:\/\/schema.org\",\"@graph\":[{\"@type\":\"WebPage\",\"@id\":\"https:\/\/www.uholavillagefoundation.com\/adventsaktion-2024\/\",\"url\":\"https:\/\/www.uholavillagefoundation.com\/adventsaktion-2024\/\",\"name\":\"Adventsaktion 2024 - Uhola Village Foundation\",\"isPartOf\":{\"@id\":\"https:\/\/www.uholavillagefoundation.com\/#website\"},\"datePublished\":\"2024-09-27T11:55:17+00:00\",\"dateModified\":\"2025-01-07T17:24:42+00:00\",\"breadcrumb\":{\"@id\":\"https:\/\/www.uholavillagefoundation.com\/adventsaktion-2024\/#breadcrumb\"},\"inLanguage\":\"en-UK\",\"potentialAction\":[{\"@type\":\"ReadAction\",\"target\":[\"https:\/\/www.uholavillagefoundation.com\/adventsaktion-2024\/\"]}]},{\"@type\":\"BreadcrumbList\",\"@id\":\"https:\/\/www.uholavillagefoundation.com\/adventsaktion-2024\/#breadcrumb\",\"itemListElement\":[{\"@type\":\"ListItem\",\"position\":1,\"name\":\"Home\",\"item\":\"https:\/\/www.uholavillagefoundation.com\/\"},{\"@type\":\"ListItem\",\"position\":2,\"name\":\"Adventsaktion 2024\"}]},{\"@type\":\"WebSite\",\"@id\":\"https:\/\/www.uholavillagefoundation.com\/#website\",\"url\":\"https:\/\/www.uholavillagefoundation.com\/\",\"name\":\"Uhola Village Foundation\",\"description\":\"Supporting sustainable development in Uhola, Kenya\",\"publisher\":{\"@id\":\"https:\/\/www.uholavillagefoundation.com\/#organization\"},\"potentialAction\":[{\"@type\":\"SearchAction\",\"target\":{\"@type\":\"EntryPoint\",\"urlTemplate\":\"https:\/\/www.uholavillagefoundation.com\/?s={search_term_string}\"},\"query-input\":\"required name=search_term_string\"}],\"inLanguage\":\"en-UK\"},{\"@type\":\"Organization\",\"@id\":\"https:\/\/www.uholavillagefoundation.com\/#organization\",\"name\":\"Uhola Village Foundation\",\"url\":\"https:\/\/www.uholavillagefoundation.com\/\",\"logo\":{\"@type\":\"ImageObject\",\"inLanguage\":\"en-UK\",\"@id\":\"https:\/\/www.uholavillagefoundation.com\/#\/schema\/logo\/image\/\",\"url\":\"https:\/\/www.uholavillagefoundation.com\/wp-content\/uploads\/2017\/12\/cropped-24826032_1647026988691478_194300397_o.png\",\"contentUrl\":\"https:\/\/www.uholavillagefoundation.com\/wp-content\/uploads\/2017\/12\/cropped-24826032_1647026988691478_194300397_o.png\",\"width\":251,\"height\":250,\"caption\":\"Uhola Village Foundation\"},\"image\":{\"@id\":\"https:\/\/www.uholavillagefoundation.com\/#\/schema\/logo\/image\/\"}}]}<\/script>\n<!-- \/ Yoast SEO plugin. -->","yoast_head_json":{"title":"Adventsaktion 2024 - Uhola Village Foundation","robots":{"index":"index","follow":"follow","max-snippet":"max-snippet:-1","max-image-preview":"max-image-preview:large","max-video-preview":"max-video-preview:-1"},"canonical":"https:\/\/www.uholavillagefoundation.com\/adventsaktion-2024\/","og_locale":"en_US","og_type":"article","og_title":"Adventsaktion 2024 - Uhola Village Foundation","og_url":"https:\/\/www.uholavillagefoundation.com\/adventsaktion-2024\/","og_site_name":"Uhola Village Foundation","article_modified_time":"2025-01-07T17:24:42+00:00","og_image":[{"url":"https:\/\/www.uholavillagefoundation.com\/wp-content\/uploads\/2024\/12\/1_20241205_155546_0000-1024x1024.png"}],"twitter_card":"summary_large_image","twitter_misc":{"Est. reading time":"1 minute"},"schema":{"@context":"https:\/\/schema.org","@graph":[{"@type":"WebPage","@id":"https:\/\/www.uholavillagefoundation.com\/adventsaktion-2024\/","url":"https:\/\/www.uholavillagefoundation.com\/adventsaktion-2024\/","name":"Adventsaktion 2024 - Uhola Village Foundation","isPartOf":{"@id":"https:\/\/www.uholavillagefoundation.com\/#website"},"datePublished":"2024-09-27T11:55:17+00:00","dateModified":"2025-01-07T17:24:42+00:00","breadcrumb":{"@id":"https:\/\/www.uholavillagefoundation.com\/adventsaktion-2024\/#breadcrumb"},"inLanguage":"en-UK","potentialAction":[{"@type":"ReadAction","target":["https:\/\/www.uholavillagefoundation.com\/adventsaktion-2024\/"]}]},{"@type":"BreadcrumbList","@id":"https:\/\/www.uholavillagefoundation.com\/adventsaktion-2024\/#breadcrumb","itemListElement":[{"@type":"ListItem","position":1,"name":"Home","item":"https:\/\/www.uholavillagefoundation.com\/"},{"@type":"ListItem","position":2,"name":"Adventsaktion 2024"}]},{"@type":"WebSite","@id":"https:\/\/www.uholavillagefoundation.com\/#website","url":"https:\/\/www.uholavillagefoundation.com\/","name":"Uhola Village Foundation","description":"Supporting sustainable development in Uhola, Kenya","publisher":{"@id":"https:\/\/www.uholavillagefoundation.com\/#organization"},"potentialAction":[{"@type":"SearchAction","target":{"@type":"EntryPoint","urlTemplate":"https:\/\/www.uholavillagefoundation.com\/?s={search_term_string}"},"query-input":"required name=search_term_string"}],"inLanguage":"en-UK"},{"@type":"Organization","@id":"https:\/\/www.uholavillagefoundation.com\/#organization","name":"Uhola Village Foundation","url":"https:\/\/www.uholavillagefoundation.com\/","logo":{"@type":"ImageObject","inLanguage":"en-UK","@id":"https:\/\/www.uholavillagefoundation.com\/#\/schema\/logo\/image\/","url":"https:\/\/www.uholavillagefoundation.com\/wp-content\/uploads\/2017\/12\/cropped-24826032_1647026988691478_194300397_o.png","contentUrl":"https:\/\/www.uholavillagefoundation.com\/wp-content\/uploads\/2017\/12\/cropped-24826032_1647026988691478_194300397_o.png","width":251,"height":250,"caption":"Uhola Village Foundation"},"image":{"@id":"https:\/\/www.uholavillagefoundation.com\/#\/schema\/logo\/image\/"}}]}},"_links":{"self":[{"href":"https:\/\/www.uholavillagefoundation.com\/en\/wp-json\/wp\/v2\/pages\/3683"}],"collection":[{"href":"https:\/\/www.uholavillagefoundation.com\/en\/wp-json\/wp\/v2\/pages"}],"about":[{"href":"https:\/\/www.uholavillagefoundation.com\/en\/wp-json\/wp\/v2\/types\/page"}],"author":[{"embeddable":true,"href":"https:\/\/www.uholavillagefoundation.com\/en\/wp-json\/wp\/v2\/users\/2"}],"replies":[{"embeddable":true,"href":"https:\/\/www.uholavillagefoundation.com\/en\/wp-json\/wp\/v2\/comments?post=3683"}],"version-history":[{"count":22,"href":"https:\/\/www.uholavillagefoundation.com\/en\/wp-json\/wp\/v2\/pages\/3683\/revisions"}],"predecessor-version":[{"id":3916,"href":"https:\/\/www.uholavillagefoundation.com\/en\/wp-json\/wp\/v2\/pages\/3683\/revisions\/3916"}],"wp:attachment":[{"href":"https:\/\/www.uholavillagefoundation.com\/en\/wp-json\/wp\/v2\/media?parent=3683"}],"curies":[{"name":"wp","href":"https:\/\/api.w.org\/{rel}","templated":true}]}}